{"id":561,"date":"2023-07-04T21:04:44","date_gmt":"2023-07-04T21:04:44","guid":{"rendered":"http:\/\/telessaude.uea.edu.br\/?page_id=561"},"modified":"2026-03-19T18:42:49","modified_gmt":"2026-03-19T18:42:49","slug":"teleducacao","status":"publish","type":"page","link":"https:\/\/uddae.uea.edu.br\/index.php\/teleducacao\/","title":{"rendered":"Teleduca\u00e7\u00e3o"},"content":{"rendered":"\t\t<div data-elementor-type=\"wp-page\" data-elementor-id=\"561\" class=\"elementor elementor-561\">\n\t\t\t\t<div class=\"elementor-element elementor-element-09b95bb e-flex e-con-boxed elementor-invisible e-con e-parent\" data-id=\"09b95bb\" data-element_type=\"container\" data-e-type=\"container\" data-settings=\"{&quot;animation&quot;:&quot;fadeIn&quot;,&quot;background_background&quot;:&quot;classic&quot;}\">\n\t\t\t\t\t<div class=\"e-con-inner\">\n\t\t<div class=\"elementor-element elementor-element-d17ed6f e-flex e-con-boxed e-con e-child\" data-id=\"d17ed6f\" data-element_type=\"container\" data-e-type=\"container\">\n\t\t\t\t\t<div class=\"e-con-inner\">\n\t\t\t\t<div class=\"elementor-element elementor-element-c8497c2 elementor-widget elementor-widget-heading\" data-id=\"c8497c2\" data-element_type=\"widget\" data-e-type=\"widget\" data-widget_type=\"heading.default\">\n\t\t\t\t<div class=\"elementor-widget-container\">\n\t\t\t\t\t<h2 class=\"elementor-heading-title elementor-size-default\">Teleduca\u00e7\u00e3o<\/h2>\t\t\t\t<\/div>\n\t\t\t\t<\/div>\n\t\t\t\t\t<\/div>\n\t\t\t\t<\/div>\n\t\t\t\t\t<\/div>\n\t\t\t\t<\/div>\n\t\t<div class=\"elementor-element elementor-element-5d082e1 e-flex e-con-boxed e-con e-parent\" data-id=\"5d082e1\" data-element_type=\"container\" data-e-type=\"container\">\n\t\t\t\t\t<div class=\"e-con-inner\">\n\t\t\t\t<div class=\"elementor-element elementor-element-1322a33 elementor-widget__width-inherit elementor-widget elementor-widget-text-editor\" data-id=\"1322a33\" data-element_type=\"widget\" data-e-type=\"widget\" data-widget_type=\"text-editor.default\">\n\t\t\t\t<div class=\"elementor-widget-container\">\n\t\t\t\t\t\t\t\t\t<p>Atividades educacionais \u00e0 dist\u00e2ncia por meio de tecnologias de informa\u00e7\u00e3o e comunica\u00e7\u00e3o para apoiar a qualifica\u00e7\u00e3o de estudantes, profissionais e trabalhadores da \u00e1rea da sa\u00fade, constituindo uma forma de educa\u00e7\u00e3o permanente em servi\u00e7o para os profissionais da rede de aten\u00e7\u00e3o b\u00e1sica.<\/p>\t\t\t\t\t\t\t\t<\/div>\n\t\t\t\t<\/div>\n\t\t\t\t\t<\/div>\n\t\t\t\t<\/div>\n\t\t<div class=\"elementor-element elementor-element-f173210 e-con-full e-flex e-con e-parent\" data-id=\"f173210\" data-element_type=\"container\" data-e-type=\"container\">\n\t\t\t\t<div class=\"elementor-element elementor-element-58eeaef elementor-widget__width-initial elementor-widget elementor-widget-heading\" data-id=\"58eeaef\" data-element_type=\"widget\" data-e-type=\"widget\" data-widget_type=\"heading.default\">\n\t\t\t\t<div class=\"elementor-widget-container\">\n\t\t\t\t\t<h2 class=\"elementor-heading-title elementor-size-default\">Atividades de Teleduca\u00e7\u00e3o<\/h2>\t\t\t\t<\/div>\n\t\t\t\t<\/div>\n\t\t\t\t<\/div>\n\t\t<div class=\"elementor-element elementor-element-a7707f0 e-flex e-con-boxed e-con e-parent\" data-id=\"a7707f0\" data-element_type=\"container\" data-e-type=\"container\">\n\t\t\t\t\t<div class=\"e-con-inner\">\n\t\t\t\t<div class=\"elementor-element elementor-element-c6fc042 elementor-widget__width-initial elementor-arrows-position-outside elementor-pagination-position-inside elementor-invisible elementor-widget elementor-widget-image-carousel\" data-id=\"c6fc042\" data-element_type=\"widget\" data-e-type=\"widget\" data-settings=\"{&quot;slides_to_show&quot;:&quot;1&quot;,&quot;_animation&quot;:&quot;fadeIn&quot;,&quot;navigation&quot;:&quot;both&quot;,&quot;autoplay&quot;:&quot;yes&quot;,&quot;pause_on_hover&quot;:&quot;yes&quot;,&quot;pause_on_interaction&quot;:&quot;yes&quot;,&quot;autoplay_speed&quot;:5000,&quot;infinite&quot;:&quot;yes&quot;,&quot;effect&quot;:&quot;slide&quot;,&quot;speed&quot;:500}\" data-widget_type=\"image-carousel.default\">\n\t\t\t\t<div class=\"elementor-widget-container\">\n\t\t\t\t\t\t\t<div class=\"elementor-image-carousel-wrapper swiper\" role=\"region\" aria-roledescription=\"carousel\" aria-label=\"Carrossel de imagens\" dir=\"ltr\">\n\t\t\t<div class=\"elementor-image-carousel swiper-wrapper\" aria-live=\"off\">\n\t\t\t\t\t\t\t\t<div class=\"swiper-slide\" role=\"group\" aria-roledescription=\"slide\" aria-label=\"1 de 2\"><a data-elementor-open-lightbox=\"yes\" data-elementor-lightbox-slideshow=\"c6fc042\" data-elementor-lightbox-title=\"agenda-capa-site.jpg\" data-e-action-hash=\"#elementor-action%3Aaction%3Dlightbox%26settings%3DeyJpZCI6MjQwOCwidXJsIjoiaHR0cHM6XC9cL3VkZGFlLnVlYS5lZHUuYnJcL3dwLWNvbnRlbnRcL3VwbG9hZHNcLzIwMjZcLzAyXC9hZ2VuZGEtY2FwYS1zaXRlLmpwZy0yLmpwZWciLCJzbGlkZXNob3ciOiJjNmZjMDQyIn0%3D\" href=\"https:\/\/simplebooklet.com\/agendadezembro\"><figure class=\"swiper-slide-inner\"><img decoding=\"async\" class=\"swiper-slide-image\" src=\"https:\/\/uddae.uea.edu.br\/wp-content\/uploads\/2026\/02\/agenda-capa-site.jpg-2.jpeg\" alt=\"agenda-capa-site.jpg\" \/><\/figure><\/a><\/div><div class=\"swiper-slide\" role=\"group\" aria-roledescription=\"slide\" aria-label=\"2 de 2\"><a data-elementor-open-lightbox=\"yes\" data-elementor-lightbox-slideshow=\"c6fc042\" data-elementor-lightbox-title=\"AMAREDE.jpg\" data-e-action-hash=\"#elementor-action%3Aaction%3Dlightbox%26settings%3DeyJpZCI6MjU1MywidXJsIjoiaHR0cHM6XC9cL3VkZGFlLnVlYS5lZHUuYnJcL3dwLWNvbnRlbnRcL3VwbG9hZHNcLzIwMjZcLzAzXC9BTUFSRURFLmpwZy5qcGVnIiwic2xpZGVzaG93IjoiYzZmYzA0MiJ9\" href=\"https:\/\/simplebooklet.com\/agendadezembro\"><figure class=\"swiper-slide-inner\"><img decoding=\"async\" class=\"swiper-slide-image\" src=\"https:\/\/uddae.uea.edu.br\/wp-content\/uploads\/2026\/03\/AMAREDE.jpg.jpeg\" alt=\"AMAREDE.jpg\" \/><\/figure><\/a><\/div>\t\t\t<\/div>\n\t\t\t\t\t\t\t\t\t\t\t\t<div class=\"elementor-swiper-button elementor-swiper-button-prev\" role=\"button\" tabindex=\"0\">\n\t\t\t\t\t\t<i aria-hidden=\"true\" class=\"eicon-chevron-left\"><\/i>\t\t\t\t\t<\/div>\n\t\t\t\t\t<div class=\"elementor-swiper-button elementor-swiper-button-next\" role=\"button\" tabindex=\"0\">\n\t\t\t\t\t\t<i aria-hidden=\"true\" class=\"eicon-chevron-right\"><\/i>\t\t\t\t\t<\/div>\n\t\t\t\t\n\t\t\t\t\t\t\t\t\t<div class=\"swiper-pagination\"><\/div>\n\t\t\t\t\t\t\t\t\t<\/div>\n\t\t\t\t\t\t<\/div>\n\t\t\t\t<\/div>\n\t\t\t\t<div class=\"elementor-element elementor-element-d57e914 elementor-widget__width-initial elementor-widget elementor-widget-accordion\" data-id=\"d57e914\" data-element_type=\"widget\" data-e-type=\"widget\" data-widget_type=\"accordion.default\">\n\t\t\t\t<div class=\"elementor-widget-container\">\n\t\t\t\t\t\t\t<div class=\"elementor-accordion\">\n\t\t\t\t\t\t\t<div class=\"elementor-accordion-item\">\n\t\t\t\t\t<div id=\"elementor-tab-title-2231\" class=\"elementor-tab-title\" data-tab=\"1\" role=\"button\" aria-controls=\"elementor-tab-content-2231\" aria-expanded=\"false\">\n\t\t\t\t\t\t\t\t\t\t\t\t\t<span class=\"elementor-accordion-icon elementor-accordion-icon-left\" aria-hidden=\"true\">\n\t\t\t\t\t\t\t\t\t\t\t\t\t\t\t<span class=\"elementor-accordion-icon-closed\"><i class=\"fas fa-plus\"><\/i><\/span>\n\t\t\t\t\t\t\t\t<span class=\"elementor-accordion-icon-opened\"><i class=\"fas fa-minus\"><\/i><\/span>\n\t\t\t\t\t\t\t\t\t\t\t\t\t\t<\/span>\n\t\t\t\t\t\t\t\t\t\t\t\t<a class=\"elementor-accordion-title\" tabindex=\"0\">Agenda mensal da Teleduca\u00e7\u00e3o<\/a>\n\t\t\t\t\t<\/div>\n\t\t\t\t\t<div id=\"elementor-tab-content-2231\" class=\"elementor-tab-content elementor-clearfix\" data-tab=\"1\" role=\"region\" aria-labelledby=\"elementor-tab-title-2231\"><p><img decoding=\"async\" class=\"emoji\" role=\"img\" draggable=\"false\" src=\"https:\/\/s.w.org\/images\/core\/emoji\/17.0.2\/svg\/1f4c5.svg\" alt=\"\ud83d\udcc5\" \/> <strong>Agenda Mensal de Tele-Educa\u00e7\u00e3o | Telessa\u00fade UEA<\/strong><\/p><p>Fique por dentro das atividades programadas na Agenda Tele-Educa\u00e7\u00e3o Mensal!<br \/>Ela foi elaborada para te manter atualizado(a) sobre encontros, temas abordados e datas importantes das a\u00e7\u00f5es formativas promovidas pela Telessa\u00fade UEA.<\/p><p>Acompanhe, participe e aproveite ao m\u00e1ximo os conte\u00fados preparados especialmente para voc\u00ea.<br \/>Vamos juntos fortalecer o conhecimento e a troca de experi\u00eancias por meio da Tele-Educa\u00e7\u00e3o! <img decoding=\"async\" class=\"emoji\" role=\"img\" draggable=\"false\" src=\"https:\/\/s.w.org\/images\/core\/emoji\/17.0.2\/svg\/1f680.svg\" alt=\"\ud83d\ude80\" \/><\/p><p><img decoding=\"async\" class=\"emoji\" role=\"img\" draggable=\"false\" src=\"https:\/\/s.w.org\/images\/core\/emoji\/17.0.2\/svg\/1f517.svg\" alt=\"\ud83d\udd17\" \/><strong> Acesse a agenda completa abaixo:<\/strong><\/p><p><a href=\"https:\/\/simplebooklet.com\/agendamensal\" target=\"_blank\" rel=\"noopener\" data-wp-editing=\"1\"><img decoding=\"async\" class=\"alignnone wp-image-1549\" src=\"http:\/\/uddae.uea.edu.br\/wp-content\/uploads\/2024\/04\/pdf-svgrepo-com.svg\" alt=\"\" width=\"18\" height=\"18\" \/> Agenda Teleduca\u00e7\u00e3o Mensal<\/a><\/p><\/div>\n\t\t\t\t<\/div>\n\t\t\t\t\t\t\t<div class=\"elementor-accordion-item\">\n\t\t\t\t\t<div id=\"elementor-tab-title-2232\" class=\"elementor-tab-title\" data-tab=\"2\" role=\"button\" aria-controls=\"elementor-tab-content-2232\" aria-expanded=\"false\">\n\t\t\t\t\t\t\t\t\t\t\t\t\t<span class=\"elementor-accordion-icon elementor-accordion-icon-left\" aria-hidden=\"true\">\n\t\t\t\t\t\t\t\t\t\t\t\t\t\t\t<span class=\"elementor-accordion-icon-closed\"><i class=\"fas fa-plus\"><\/i><\/span>\n\t\t\t\t\t\t\t\t<span class=\"elementor-accordion-icon-opened\"><i class=\"fas fa-minus\"><\/i><\/span>\n\t\t\t\t\t\t\t\t\t\t\t\t\t\t<\/span>\n\t\t\t\t\t\t\t\t\t\t\t\t<a class=\"elementor-accordion-title\" tabindex=\"0\">Tutorial de Registro de Frequ\u00eancia<\/a>\n\t\t\t\t\t<\/div>\n\t\t\t\t\t<div id=\"elementor-tab-content-2232\" class=\"elementor-tab-content elementor-clearfix\" data-tab=\"2\" role=\"region\" aria-labelledby=\"elementor-tab-title-2232\"><h6><em><a href=\"https:\/\/forms.gle\/GRwK2tGmvuyGQwXC8\">Registre a frequ\u00eancia <span style=\"text-decoration: underline;\">clicando aqui!<\/span><\/a><\/em><\/h6><p><a href=\"http:\/\/uddae.uea.edu.br\/wp-content\/uploads\/2026\/02\/TUTORIAL-REGISTRO-DE-PRESENCA_-PONTOS-TELESSAUDE.pdf\" target=\"_blank\" rel=\"noopener\"><img decoding=\"async\" class=\"alignnone wp-image-1549\" src=\"http:\/\/uddae.uea.edu.br\/wp-content\/uploads\/2024\/04\/pdf-svgrepo-com.svg\" alt=\"\" width=\"18\" height=\"18\" \/> Tutoria de Registo de Presen\u00e7a &#8211; Pontos Telessa\u00fade<\/a><\/p><p><a href=\"http:\/\/uddae.uea.edu.br\/wp-content\/uploads\/2026\/02\/TUTORIAL-REGISTRO-DE-PRESENCA_INDIVIDUAL.pdf\" target=\"_blank\" rel=\"noopener\"><img decoding=\"async\" class=\"alignnone wp-image-1549\" src=\"http:\/\/uddae.uea.edu.br\/wp-content\/uploads\/2024\/04\/pdf-svgrepo-com.svg\" alt=\"\" width=\"18\" height=\"18\" \/> Tutoria de Registo de Presen\u00e7a &#8211; Pontos Individuais<\/a><\/p><\/div>\n\t\t\t\t<\/div>\n\t\t\t\t\t\t\t<div class=\"elementor-accordion-item\">\n\t\t\t\t\t<div id=\"elementor-tab-title-2233\" class=\"elementor-tab-title\" data-tab=\"3\" role=\"button\" aria-controls=\"elementor-tab-content-2233\" aria-expanded=\"false\">\n\t\t\t\t\t\t\t\t\t\t\t\t\t<span class=\"elementor-accordion-icon elementor-accordion-icon-left\" aria-hidden=\"true\">\n\t\t\t\t\t\t\t\t\t\t\t\t\t\t\t<span class=\"elementor-accordion-icon-closed\"><i class=\"fas fa-plus\"><\/i><\/span>\n\t\t\t\t\t\t\t\t<span class=\"elementor-accordion-icon-opened\"><i class=\"fas fa-minus\"><\/i><\/span>\n\t\t\t\t\t\t\t\t\t\t\t\t\t\t<\/span>\n\t\t\t\t\t\t\t\t\t\t\t\t<a class=\"elementor-accordion-title\" tabindex=\"0\">Arquivo de frequ\u00eancia para o ponto Telessa\u00fade<\/a>\n\t\t\t\t\t<\/div>\n\t\t\t\t\t<div id=\"elementor-tab-content-2233\" class=\"elementor-tab-content elementor-clearfix\" data-tab=\"3\" role=\"region\" aria-labelledby=\"elementor-tab-title-2233\"><h6><em><a href=\"http:\/\/uddae.uea.edu.br\/wp-content\/uploads\/2024\/01\/FREQUENCIA-TELESSAUDE-UEA_PONTOS-DE-TELESSAUDE.xlsx\">Fa\u00e7a o download da sua frequ\u00eancia <span style=\"text-decoration: underline;\">clicando aqui!<\/span><\/a><\/em><\/h6><\/div>\n\t\t\t\t<\/div>\n\t\t\t\t\t\t\t\t<\/div>\n\t\t\t\t\t\t<\/div>\n\t\t\t\t<\/div>\n\t\t\t\t\t<\/div>\n\t\t\t\t<\/div>\n\t\t<div class=\"elementor-element elementor-element-5afccef e-flex e-con-boxed e-con e-parent\" data-id=\"5afccef\" data-element_type=\"container\" data-e-type=\"container\">\n\t\t\t\t\t<div class=\"e-con-inner\">\n\t\t\t\t<div class=\"elementor-element elementor-element-6efe22a elementor-widget-divider--view-line elementor-widget elementor-widget-divider\" data-id=\"6efe22a\" data-element_type=\"widget\" data-e-type=\"widget\" data-widget_type=\"divider.default\">\n\t\t\t\t<div class=\"elementor-widget-container\">\n\t\t\t\t\t\t\t<div class=\"elementor-divider\">\n\t\t\t<span class=\"elementor-divider-separator\">\n\t\t\t\t\t\t<\/span>\n\t\t<\/div>\n\t\t\t\t\t\t<\/div>\n\t\t\t\t<\/div>\n\t\t\t\t\t<\/div>\n\t\t\t\t<\/div>\n\t\t<div class=\"elementor-element elementor-element-463cfb2 e-flex e-con-boxed e-con e-parent\" data-id=\"463cfb2\" data-element_type=\"container\" data-e-type=\"container\">\n\t\t\t\t\t<div class=\"e-con-inner\">\n\t\t<div class=\"elementor-element elementor-element-8e3d6ae e-con-full e-flex e-con e-child\" data-id=\"8e3d6ae\" data-element_type=\"container\" data-e-type=\"container\">\n\t\t\t\t<div class=\"elementor-element elementor-element-4ec8f97 elementor-widget__width-inherit elementor-widget elementor-widget-text-editor\" data-id=\"4ec8f97\" data-element_type=\"widget\" data-e-type=\"widget\" data-widget_type=\"text-editor.default\">\n\t\t\t\t<div class=\"elementor-widget-container\">\n\t\t\t\t\t\t\t\t\t<p>Curso EaD de Vigil\u00e2ncia em Sa\u00fade Infantil e Imuniza\u00e7\u00e3o em Contexto de Emerg\u00eancia\u00a0<\/p>\t\t\t\t\t\t\t\t<\/div>\n\t\t\t\t<\/div>\n\t\t\t\t<div class=\"elementor-element elementor-element-2f6cc8b elementor-widget__width-initial elementor-arrows-position-outside elementor-pagination-position-outside elementor-invisible elementor-widget elementor-widget-image-carousel\" data-id=\"2f6cc8b\" data-element_type=\"widget\" data-e-type=\"widget\" data-settings=\"{&quot;slides_to_show&quot;:&quot;1&quot;,&quot;_animation&quot;:&quot;fadeIn&quot;,&quot;navigation&quot;:&quot;both&quot;,&quot;autoplay&quot;:&quot;yes&quot;,&quot;pause_on_hover&quot;:&quot;yes&quot;,&quot;pause_on_interaction&quot;:&quot;yes&quot;,&quot;autoplay_speed&quot;:5000,&quot;infinite&quot;:&quot;yes&quot;,&quot;effect&quot;:&quot;slide&quot;,&quot;speed&quot;:500}\" data-widget_type=\"image-carousel.default\">\n\t\t\t\t<div class=\"elementor-widget-container\">\n\t\t\t\t\t\t\t<div class=\"elementor-image-carousel-wrapper swiper\" role=\"region\" aria-roledescription=\"carousel\" aria-label=\"Carrossel de imagens\" dir=\"ltr\">\n\t\t\t<div class=\"elementor-image-carousel swiper-wrapper\" aria-live=\"off\">\n\t\t\t\t\t\t\t\t<div class=\"swiper-slide\" role=\"group\" aria-roledescription=\"slide\" aria-label=\"1 de 1\"><a data-elementor-open-lightbox=\"yes\" data-elementor-lightbox-slideshow=\"2f6cc8b\" data-elementor-lightbox-title=\"CAPA-vigilancia\" data-e-action-hash=\"#elementor-action%3Aaction%3Dlightbox%26settings%3DeyJpZCI6MjM4MSwidXJsIjoiaHR0cHM6XC9cL3VkZGFlLnVlYS5lZHUuYnJcL3dwLWNvbnRlbnRcL3VwbG9hZHNcLzIwMjVcLzEyXC9DQVBBLXZpZ2lsYW5jaWEuanBnIiwic2xpZGVzaG93IjoiMmY2Y2M4YiJ9\" href=\"https:\/\/avauea.uea.edu.br\/login\/\"><figure class=\"swiper-slide-inner\"><img decoding=\"async\" class=\"swiper-slide-image\" src=\"https:\/\/uddae.uea.edu.br\/wp-content\/uploads\/2025\/12\/CAPA-vigilancia.jpg\" alt=\"CAPA-vigilancia\" \/><\/figure><\/a><\/div>\t\t\t<\/div>\n\t\t\t\t\t<\/div>\n\t\t\t\t\t\t<\/div>\n\t\t\t\t<\/div>\n\t\t\t\t<div class=\"elementor-element elementor-element-63d6473 elementor-widget elementor-widget-text-editor\" data-id=\"63d6473\" data-element_type=\"widget\" data-e-type=\"widget\" data-widget_type=\"text-editor.default\">\n\t\t\t\t<div class=\"elementor-widget-container\">\n\t\t\t\t\t\t\t\t\t<p>A Unidade de Desenvolvimento Docente e Apoio ao Ensino (Uddae), da Universidade do Estado do Amazonas (UEA), informa que os Certificados est\u00e3o dispon\u00edveis no site da Universidade do Estado do Amazonas &#8211; UEA. Acesse na P\u00e1gina Inicial &#8220;Certificados&#8221; e depois clique no bot\u00e3o &#8220;Emiss\u00e3o&#8221;.<\/p><p><br \/>O curso de Vigil\u00e2ncia em Sa\u00fade Infantil e Imuniza\u00e7\u00e3o em Contexto de Emerg\u00eancia e Mudan\u00e7as Clim\u00e1ticas no Amazonas (Vigil\u00e2ncia Nutricional). O curso foi ofertado na modalidade Ensino a Dist\u00e2ncia (EaD) via Ambiente Virtual de Aprendizagem da UEA (AVA UEA).<\/p>\t\t\t\t\t\t\t\t<\/div>\n\t\t\t\t<\/div>\n\t\t\t\t<div class=\"elementor-element elementor-element-ebb4845 elementor-widget__width-initial elementor-widget elementor-widget-accordion\" data-id=\"ebb4845\" data-element_type=\"widget\" data-e-type=\"widget\" data-widget_type=\"accordion.default\">\n\t\t\t\t<div class=\"elementor-widget-container\">\n\t\t\t\t\t\t\t<div class=\"elementor-accordion\">\n\t\t\t\t\t\t\t<div class=\"elementor-accordion-item\">\n\t\t\t\t\t<div id=\"elementor-tab-title-2471\" class=\"elementor-tab-title\" data-tab=\"1\" role=\"button\" aria-controls=\"elementor-tab-content-2471\" aria-expanded=\"false\">\n\t\t\t\t\t\t\t\t\t\t\t\t\t<span class=\"elementor-accordion-icon elementor-accordion-icon-left\" aria-hidden=\"true\">\n\t\t\t\t\t\t\t\t\t\t\t\t\t\t\t<span class=\"elementor-accordion-icon-closed\"><i class=\"fas fa-plus\"><\/i><\/span>\n\t\t\t\t\t\t\t\t<span class=\"elementor-accordion-icon-opened\"><i class=\"fas fa-minus\"><\/i><\/span>\n\t\t\t\t\t\t\t\t\t\t\t\t\t\t<\/span>\n\t\t\t\t\t\t\t\t\t\t\t\t<a class=\"elementor-accordion-title\" tabindex=\"0\">Saiba como acessar:<\/a>\n\t\t\t\t\t<\/div>\n\t\t\t\t\t<div id=\"elementor-tab-content-2471\" class=\"elementor-tab-content elementor-clearfix\" data-tab=\"1\" role=\"region\" aria-labelledby=\"elementor-tab-title-2471\"><p>Para aqueles que n\u00e3o possuem a extens\u00e3o @uea.edu.br<\/p><p><a href=\"http:\/\/uddae.uea.edu.br\/wp-content\/uploads\/2024\/11\/ACESSO-AO-CURSO-VIGILANCIA-NUTRIONAL-1.pdf\" target=\"_blank\" rel=\"noopener\" data-wp-editing=\"1\"><img decoding=\"async\" class=\"alignnone wp-image-1549\" src=\"http:\/\/uddae.uea.edu.br\/wp-content\/uploads\/2024\/04\/pdf-svgrepo-com.svg\" alt=\"\" width=\"18\" height=\"18\" \/> Tutorial de acesso ao curso<\/a><\/p><\/div>\n\t\t\t\t<\/div>\n\t\t\t\t\t\t\t\t<\/div>\n\t\t\t\t\t\t<\/div>\n\t\t\t\t<\/div>\n\t\t\t\t<div class=\"elementor-element elementor-element-b642b2c elementor-align-center elementor-widget elementor-widget-button\" data-id=\"b642b2c\" data-element_type=\"widget\" data-e-type=\"widget\" data-widget_type=\"button.default\">\n\t\t\t\t<div class=\"elementor-widget-container\">\n\t\t\t\t\t\t\t\t\t<div class=\"elementor-button-wrapper\">\n\t\t\t\t\t<a class=\"elementor-button elementor-button-link elementor-size-sm elementor-animation-grow\" href=\"https:\/\/acesso.uea.edu.br\/modulo\/certificado\/valcert.php\">\n\t\t\t\t\t\t<span class=\"elementor-button-content-wrapper\">\n\t\t\t\t\t\t<span class=\"elementor-button-icon\">\n\t\t\t\t<i aria-hidden=\"true\" class=\"fas fa-mouse-pointer\"><\/i>\t\t\t<\/span>\n\t\t\t\t\t\t\t\t\t<span class=\"elementor-button-text\">Acessar certificado<\/span>\n\t\t\t\t\t<\/span>\n\t\t\t\t\t<\/a>\n\t\t\t\t<\/div>\n\t\t\t\t\t\t\t\t<\/div>\n\t\t\t\t<\/div>\n\t\t\t\t<\/div>\n\t\t\t\t\t<\/div>\n\t\t\t\t<\/div>\n\t\t\t\t<\/div>\n\t\t","protected":false},"excerpt":{"rendered":"<p>Teleduca\u00e7\u00e3o Atividades educacionais \u00e0 dist\u00e2ncia por meio de tecnologias de informa\u00e7\u00e3o e comunica\u00e7\u00e3o para apoiar a qualifica\u00e7\u00e3o de estudantes, profissionais e trabalhadores da \u00e1rea da sa\u00fade, constituindo uma forma de educa\u00e7\u00e3o permanente em servi\u00e7o para os profissionais da rede de aten\u00e7\u00e3o b\u00e1sica. Atividades de Teleduca\u00e7\u00e3o Agenda mensal da Teleduca\u00e7\u00e3o Agenda Mensal de Tele-Educa\u00e7\u00e3o | Telessa\u00fade [&hellip;]<\/p>\n","protected":false},"author":1,"featured_media":0,"parent":0,"menu_order":0,"comment_status":"closed","ping_status":"closed","template":"elementor_header_footer","meta":{"footnotes":""},"class_list":["post-561","page","type-page","status-publish","hentry"],"_links":{"self":[{"href":"https:\/\/uddae.uea.edu.br\/index.php\/wp-json\/wp\/v2\/pages\/561","targetHints":{"allow":["GET"]}}],"collection":[{"href":"https:\/\/uddae.uea.edu.br\/index.php\/wp-json\/wp\/v2\/pages"}],"about":[{"href":"https:\/\/uddae.uea.edu.br\/index.php\/wp-json\/wp\/v2\/types\/page"}],"author":[{"embeddable":true,"href":"https:\/\/uddae.uea.edu.br\/index.php\/wp-json\/wp\/v2\/users\/1"}],"replies":[{"embeddable":true,"href":"https:\/\/uddae.uea.edu.br\/index.php\/wp-json\/wp\/v2\/comments?post=561"}],"version-history":[{"count":326,"href":"https:\/\/uddae.uea.edu.br\/index.php\/wp-json\/wp\/v2\/pages\/561\/revisions"}],"predecessor-version":[{"id":2556,"href":"https:\/\/uddae.uea.edu.br\/index.php\/wp-json\/wp\/v2\/pages\/561\/revisions\/2556"}],"wp:attachment":[{"href":"https:\/\/uddae.uea.edu.br\/index.php\/wp-json\/wp\/v2\/media?parent=561"}],"curies":[{"name":"wp","href":"https:\/\/api.w.org\/{rel}","templated":true}]}}