{"id":318,"date":"2023-07-03T15:10:05","date_gmt":"2023-07-03T15:10:05","guid":{"rendered":"http:\/\/telessaude.uea.edu.br\/?page_id=318"},"modified":"2025-02-27T13:44:10","modified_gmt":"2025-02-27T13:44:10","slug":"sof-segunda-opiniao-formativa","status":"publish","type":"page","link":"https:\/\/uddae.uea.edu.br\/index.php\/sof-segunda-opiniao-formativa\/","title":{"rendered":"SOF (Segunda Opini\u00e3o Formativa)"},"content":{"rendered":"\t\t<div data-elementor-type=\"wp-page\" data-elementor-id=\"318\" class=\"elementor elementor-318\">\n\t\t\t\t<div class=\"elementor-element elementor-element-1d8f5da e-con-full e-flex elementor-invisible e-con e-parent\" data-id=\"1d8f5da\" data-element_type=\"container\" data-e-type=\"container\" data-settings=\"{&quot;animation&quot;:&quot;fadeIn&quot;,&quot;background_background&quot;:&quot;classic&quot;}\">\n\t\t<div class=\"elementor-element elementor-element-f592bad e-con-full e-flex e-con e-child\" data-id=\"f592bad\" data-element_type=\"container\" data-e-type=\"container\">\n\t\t\t\t<div class=\"elementor-element elementor-element-86dafcd elementor-widget__width-inherit elementor-widget elementor-widget-heading\" data-id=\"86dafcd\" data-element_type=\"widget\" data-e-type=\"widget\" data-widget_type=\"heading.default\">\n\t\t\t\t<div class=\"elementor-widget-container\">\n\t\t\t\t\t<h2 class=\"elementor-heading-title elementor-size-default\">SOF - Segunda Opini\u00e3o Formativa<\/h2>\t\t\t\t<\/div>\n\t\t\t\t<\/div>\n\t\t\t\t<\/div>\n\t\t\t\t<\/div>\n\t\t<div class=\"elementor-element elementor-element-1b1b322 e-con-full e-flex e-con e-parent\" data-id=\"1b1b322\" data-element_type=\"container\" data-e-type=\"container\">\n\t\t\t\t<div class=\"elementor-element elementor-element-b7f26f7 elementor-widget elementor-widget-text-editor\" data-id=\"b7f26f7\" data-element_type=\"widget\" data-e-type=\"widget\" data-widget_type=\"text-editor.default\">\n\t\t\t\t<div class=\"elementor-widget-container\">\n\t\t\t\t\t\t\t\t\t<p>A Segunda Opini\u00e3o Formativa (SOF) no contexto da BVS APS \u00e9 uma fonte de informa\u00e7\u00e3o que apresenta como conte\u00fado as perguntas e respostas baseadas em boa evid\u00eancia relacionadas com os problemas priorit\u00e1rios de aten\u00e7\u00e3o prim\u00e1ria \u00e0 sa\u00fade (APS).<\/p><p>As SOF s\u00e3o originadas de teleconsultorias que tratam de assuntos relevantes para o SUS e com possibilidade de responder a d\u00favidas e necessidades de outros trabalhadores da sa\u00fade, com vistas \u00e0 amplia\u00e7\u00e3o da capacidade resolutiva em casos ou situa\u00e7\u00f5es semelhantes.<\/p><p>As SOF s\u00e3o elaboradas pelos N\u00facleos de Telessa\u00fade (NT) seguindo uma estrutura definida que organiza o conte\u00fado, passam por um processo de revis\u00e3o por um profissional com experi\u00eancia na aten\u00e7\u00e3o prim\u00e1ria \u00e0 sa\u00fade (APS), e por fim s\u00e3o indexadas e publicadas na BVS APS.<\/p><p>A cole\u00e7\u00e3o, portanto, \u00e9 composta por perguntas e d\u00favidas originadas pelas Equipes de Sa\u00fade da Fam\u00edlia vinculadas aos N\u00facleos de Telessa\u00fade em funcionamento no \u00e2mbito do Programa Telessa\u00fade Brasil Redes. E, pode ser considerada como um exemplo de \u201ctradu\u00e7\u00e3o do conhecimento\u201d j\u00e1 que sintetiza a melhor evid\u00eancia dispon\u00edvel e apoia os profissionais da sa\u00fade nas quest\u00f5es pr\u00e1ticas di\u00e1rias.<\/p>\t\t\t\t\t\t\t\t<\/div>\n\t\t\t\t<\/div>\n\t\t\t\t<div class=\"elementor-element elementor-element-5a78c31 elementor-widget elementor-widget-heading\" data-id=\"5a78c31\" data-element_type=\"widget\" data-e-type=\"widget\" data-widget_type=\"heading.default\">\n\t\t\t\t<div class=\"elementor-widget-container\">\n\t\t\t\t\t<h2 class=\"elementor-heading-title elementor-size-default\"><a href=\"https:\/\/aps.bvs.br\/segunda-opiniao-formativa\/\">Fonte: <\/a><\/h2>\t\t\t\t<\/div>\n\t\t\t\t<\/div>\n\t\t\t\t<div class=\"elementor-element elementor-element-adfd012 elementor-widget__width-inherit elementor-widget elementor-widget-accordion\" data-id=\"adfd012\" data-element_type=\"widget\" data-e-type=\"widget\" data-widget_type=\"accordion.default\">\n\t\t\t\t<div class=\"elementor-widget-container\">\n\t\t\t\t\t\t\t<div class=\"elementor-accordion\">\n\t\t\t\t\t\t\t<div class=\"elementor-accordion-item\">\n\t\t\t\t\t<div id=\"elementor-tab-title-1821\" class=\"elementor-tab-title\" data-tab=\"1\" role=\"button\" aria-controls=\"elementor-tab-content-1821\" aria-expanded=\"false\">\n\t\t\t\t\t\t\t\t\t\t\t\t\t<span class=\"elementor-accordion-icon elementor-accordion-icon-left\" aria-hidden=\"true\">\n\t\t\t\t\t\t\t\t\t\t\t\t\t\t\t<span class=\"elementor-accordion-icon-closed\"><i class=\"fas fa-plus\"><\/i><\/span>\n\t\t\t\t\t\t\t\t<span class=\"elementor-accordion-icon-opened\"><i class=\"fas fa-minus\"><\/i><\/span>\n\t\t\t\t\t\t\t\t\t\t\t\t\t\t<\/span>\n\t\t\t\t\t\t\t\t\t\t\t\t<a class=\"elementor-accordion-title\" tabindex=\"0\">Saiba Mais:<\/a>\n\t\t\t\t\t<\/div>\n\t\t\t\t\t<div id=\"elementor-tab-content-1821\" class=\"elementor-tab-content elementor-clearfix\" data-tab=\"1\" role=\"region\" aria-labelledby=\"elementor-tab-title-1821\"><h6><em>&#8211; Apresenta\u00e7\u00e3o geral sobre SOF: antecedentes, fluxo de produ\u00e7\u00e3o, crit\u00e9rios de avalia\u00e7\u00e3o, indicadores de acesso <span style=\"text-decoration: underline;\"><a href=\"https:\/\/aps.bvs.br\/wp-content\/uploads\/2019\/11\/Segunda-Opiniao-Formativa-2019.pdf\">(Clique aqui)<\/a><\/span><\/em><\/h6><h6><em>&#8211; Fluxo de produ\u00e7\u00e3o de SOF <span style=\"text-decoration: underline;\"><a href=\"https:\/\/aps.bvs.br\/wp-content\/uploads\/2014\/12\/fluxo-sofs.pdf\">(Clique aqui)<\/a><\/span><\/em><\/h6><h6><em>&#8211; Termo de refer\u00eancia para submiss\u00e3o de SOF <span style=\"text-decoration: underline;\"><a href=\"https:\/\/aps.bvs.br\/wp-content\/uploads\/2014\/12\/termo-de-referencia.pdf\">(Clique aqui)<\/a><\/span><\/em><\/h6><h6><em>&#8211; Template &#8211; Elabora\u00e7\u00e3o de SOF <span style=\"text-decoration: underline;\"><a href=\"https:\/\/aps.bvs.br\/wp-content\/uploads\/2014\/12\/termo-de-referencia.pdf\">(Clique aqui)<\/a><\/span><\/em><\/h6><h6><em>&#8211; Manual de Telessa\u00fade para Aten\u00e7\u00e3o B\u00e1sica \/ Aten\u00e7\u00e3o Prim\u00e1ria \u00e0 Sa\u00fade <span style=\"text-decoration: underline;\"><a href=\"https:\/\/www.gov.br\/saude\/pt-br\">(Clique Aqui)<\/a><\/span><\/em><\/h6><h6><em>&#8211; Pesquisas BVS APS <span style=\"text-decoration: underline;\"><a href=\"https:\/\/uddae.uea.edu.br\/index.php\/sof-segunda-opiniao-formativa\/\" target=\"_blank\" rel=\"noopener\">(Clique aqui)<\/a><\/span><\/em><\/h6><\/div>\n\t\t\t\t<\/div>\n\t\t\t\t\t\t\t\t<\/div>\n\t\t\t\t\t\t<\/div>\n\t\t\t\t<\/div>\n\t\t\t\t<\/div>\n\t\t\t\t<\/div>\n\t\t","protected":false},"excerpt":{"rendered":"<p>SOF &#8211; Segunda Opini\u00e3o Formativa A Segunda Opini\u00e3o Formativa (SOF) no contexto da BVS APS \u00e9 uma fonte de informa\u00e7\u00e3o que apresenta como conte\u00fado as perguntas e respostas baseadas em boa evid\u00eancia relacionadas com os problemas priorit\u00e1rios de aten\u00e7\u00e3o prim\u00e1ria \u00e0 sa\u00fade (APS). As SOF s\u00e3o originadas de teleconsultorias que tratam de assuntos relevantes para [&hellip;]<\/p>\n","protected":false},"author":1,"featured_media":0,"parent":0,"menu_order":0,"comment_status":"closed","ping_status":"closed","template":"elementor_header_footer","meta":{"footnotes":""},"class_list":["post-318","page","type-page","status-publish","hentry"],"_links":{"self":[{"href":"https:\/\/uddae.uea.edu.br\/index.php\/wp-json\/wp\/v2\/pages\/318","targetHints":{"allow":["GET"]}}],"collection":[{"href":"https:\/\/uddae.uea.edu.br\/index.php\/wp-json\/wp\/v2\/pages"}],"about":[{"href":"https:\/\/uddae.uea.edu.br\/index.php\/wp-json\/wp\/v2\/types\/page"}],"author":[{"embeddable":true,"href":"https:\/\/uddae.uea.edu.br\/index.php\/wp-json\/wp\/v2\/users\/1"}],"replies":[{"embeddable":true,"href":"https:\/\/uddae.uea.edu.br\/index.php\/wp-json\/wp\/v2\/comments?post=318"}],"version-history":[{"count":34,"href":"https:\/\/uddae.uea.edu.br\/index.php\/wp-json\/wp\/v2\/pages\/318\/revisions"}],"predecessor-version":[{"id":1972,"href":"https:\/\/uddae.uea.edu.br\/index.php\/wp-json\/wp\/v2\/pages\/318\/revisions\/1972"}],"wp:attachment":[{"href":"https:\/\/uddae.uea.edu.br\/index.php\/wp-json\/wp\/v2\/media?parent=318"}],"curies":[{"name":"wp","href":"https:\/\/api.w.org\/{rel}","templated":true}]}}