{"id":204,"date":"2023-07-01T18:14:10","date_gmt":"2023-07-01T18:14:10","guid":{"rendered":"http:\/\/telessaude.uea.edu.br\/?page_id=204"},"modified":"2023-07-23T17:33:05","modified_gmt":"2023-07-23T17:33:05","slug":"una-sus-uea","status":"publish","type":"page","link":"https:\/\/uddae.uea.edu.br\/index.php\/una-sus-uea\/","title":{"rendered":"UNA-SUS UEA"},"content":{"rendered":"\t\t<div data-elementor-type=\"wp-page\" data-elementor-id=\"204\" class=\"elementor elementor-204\">\n\t\t\t\t<div class=\"elementor-element elementor-element-c296f45 e-con-full e-flex elementor-invisible e-con e-parent\" data-id=\"c296f45\" data-element_type=\"container\" data-e-type=\"container\" data-settings=\"{&quot;animation&quot;:&quot;fadeIn&quot;,&quot;background_background&quot;:&quot;classic&quot;}\">\n\t\t<div class=\"elementor-element elementor-element-7910715 e-flex e-con-boxed e-con e-parent\" data-id=\"7910715\" data-element_type=\"container\" data-e-type=\"container\">\n\t\t\t\t\t<div class=\"e-con-inner\">\n\t\t\t\t<div class=\"elementor-element elementor-element-b236181 elementor-widget elementor-widget-heading\" data-id=\"b236181\" data-element_type=\"widget\" data-e-type=\"widget\" data-widget_type=\"heading.default\">\n\t\t\t\t<div class=\"elementor-widget-container\">\n\t\t\t\t\t<h2 class=\"elementor-heading-title elementor-size-default\">UNA-SUS UEA<\/h2>\t\t\t\t<\/div>\n\t\t\t\t<\/div>\n\t\t\t\t\t<\/div>\n\t\t\t\t<\/div>\n\t\t\t\t<\/div>\n\t\t<div class=\"elementor-element elementor-element-2d199f6 e-con-full e-flex e-con e-parent\" data-id=\"2d199f6\" data-element_type=\"container\" data-e-type=\"container\">\n\t\t<div class=\"elementor-element elementor-element-f72d51b e-flex e-con-boxed e-con e-parent\" data-id=\"f72d51b\" data-element_type=\"container\" data-e-type=\"container\">\n\t\t\t\t\t<div class=\"e-con-inner\">\n\t\t\t\t<div class=\"elementor-element elementor-element-7a7df1b elementor-widget elementor-widget-text-editor\" data-id=\"7a7df1b\" data-element_type=\"widget\" data-e-type=\"widget\" data-widget_type=\"text-editor.default\">\n\t\t\t\t<div class=\"elementor-widget-container\">\n\t\t\t\t\t\t\t\t\t<p>Institu\u00eddo pelo Decreto 7.385 de 8 de dezembro de 2010\u00a0 e regulamentado pela Portaria Interministerial n\u00ba 10 de 11 de julho de 2013\u00a0 .<\/p><p>Importante ressaltar que, al\u00e9m das institui\u00e7\u00f5es p\u00fablicas de educa\u00e7\u00e3o superior, citadas no Art. 6\u00ba do Decreto 7.385, outras institui\u00e7\u00f5es p\u00fablicas que obtiverem credenciamento especial para a oferta de cursos de p\u00f3s-gradua\u00e7\u00e3o &#8220;lato sensu&#8221; e para educa\u00e7\u00e3o a dist\u00e2ncia poder\u00e3o integrar a Rede UNA-SUS, em car\u00e1ter excepcional, conforme Decreto 8.041 de 9 de julho de 2013\u00a0 regulamentado pela Portaria Interministerial 2.159 de 26 de setembro de 2013.<\/p>\t\t\t\t\t\t\t\t<\/div>\n\t\t\t\t<\/div>\n\t\t\t\t\t<\/div>\n\t\t\t\t<\/div>\n\t\t<div class=\"elementor-element elementor-element-fb7cf7f e-flex e-con-boxed e-con e-parent\" data-id=\"fb7cf7f\" data-element_type=\"container\" data-e-type=\"container\">\n\t\t\t\t\t<div class=\"e-con-inner\">\n\t\t\t\t<div class=\"elementor-element elementor-element-7d8bf97 elementor-widget elementor-widget-heading\" data-id=\"7d8bf97\" data-element_type=\"widget\" data-e-type=\"widget\" data-widget_type=\"heading.default\">\n\t\t\t\t<div class=\"elementor-widget-container\">\n\t\t\t\t\t<h2 class=\"elementor-heading-title elementor-size-default\"><a href=\"https:\/\/www.unasus.gov.br\/institucional\/unasus\">Fonte: <\/a><\/h2>\t\t\t\t<\/div>\n\t\t\t\t<\/div>\n\t\t\t\t\t<\/div>\n\t\t\t\t<\/div>\n\t\t<div class=\"elementor-element elementor-element-5a92190 e-flex e-con-boxed e-con e-parent\" data-id=\"5a92190\" data-element_type=\"container\" data-e-type=\"container\">\n\t\t\t\t\t<div class=\"e-con-inner\">\n\t\t\t\t<div class=\"elementor-element elementor-element-b9810be elementor-widget elementor-widget-heading\" data-id=\"b9810be\" data-element_type=\"widget\" data-e-type=\"widget\" data-widget_type=\"heading.default\">\n\t\t\t\t<div class=\"elementor-widget-container\">\n\t\t\t\t\t<h2 class=\"elementor-heading-title elementor-size-default\">O Sistema UNA-SUS tem os seguintes objetivos:<\/h2>\t\t\t\t<\/div>\n\t\t\t\t<\/div>\n\t\t\t\t\t<\/div>\n\t\t\t\t<\/div>\n\t\t<div class=\"elementor-element elementor-element-3b2d440 e-flex e-con-boxed e-con e-parent\" data-id=\"3b2d440\" data-element_type=\"container\" data-e-type=\"container\">\n\t\t\t\t\t<div class=\"e-con-inner\">\n\t\t\t\t<div class=\"elementor-element elementor-element-d4de244 elementor-icon-list--layout-traditional elementor-list-item-link-full_width elementor-widget elementor-widget-icon-list\" data-id=\"d4de244\" data-element_type=\"widget\" data-e-type=\"widget\" data-widget_type=\"icon-list.default\">\n\t\t\t\t<div class=\"elementor-widget-container\">\n\t\t\t\t\t\t\t<ul class=\"elementor-icon-list-items\">\n\t\t\t\t\t\t\t<li class=\"elementor-icon-list-item\">\n\t\t\t\t\t\t\t\t\t\t\t<span class=\"elementor-icon-list-icon\">\n\t\t\t\t\t\t\t<i aria-hidden=\"true\" class=\"fas fa-check\"><\/i>\t\t\t\t\t\t<\/span>\n\t\t\t\t\t\t\t\t\t\t<span class=\"elementor-icon-list-text\">Propor a\u00e7\u00f5es para atender \u00e0s necessidades de capacita\u00e7\u00e3o e educa\u00e7\u00e3o permanente dos trabalhadores do SUS;<span style=\"color: var( --e-global-color-secondary );letter-spacing: 0px;text-align: var(--text-align)\"><\/span><\/span>\n\t\t\t\t\t\t\t\t\t<\/li>\n\t\t\t\t\t\t\t\t<li class=\"elementor-icon-list-item\">\n\t\t\t\t\t\t\t\t\t\t\t<span class=\"elementor-icon-list-icon\">\n\t\t\t\t\t\t\t<i aria-hidden=\"true\" class=\"fas fa-check\"><\/i>\t\t\t\t\t\t<\/span>\n\t\t\t\t\t\t\t\t\t\t<span class=\"elementor-icon-list-text\">Ofertar cursos e programas de especializa\u00e7\u00e3o, aperfei\u00e7oamento e outras formas de qualifica\u00e7\u00e3o dirigida aos profissionais do SUS, por meio das institui\u00e7\u00f5es que integram a Rede UNA-SUS;<span style=\"color: var( --e-global-color-secondary );letter-spacing: 0px;text-align: var(--text-align)\"><\/span><\/span>\n\t\t\t\t\t\t\t\t\t<\/li>\n\t\t\t\t\t\t\t\t<li class=\"elementor-icon-list-item\">\n\t\t\t\t\t\t\t\t\t\t\t<span class=\"elementor-icon-list-icon\">\n\t\t\t\t\t\t\t<i aria-hidden=\"true\" class=\"fas fa-check\"><\/i>\t\t\t\t\t\t<\/span>\n\t\t\t\t\t\t\t\t\t\t<span class=\"elementor-icon-list-text\">Fomentar e apoiar a dissemina\u00e7\u00e3o de meios e tecnologias de informa\u00e7\u00e3o e comunica\u00e7\u00e3o que possibilitem ampliar a escala e o alcance das atividades educativas;<span style=\"color: var( --e-global-color-secondary );letter-spacing: 0px;text-align: var(--text-align)\"><\/span><\/span>\n\t\t\t\t\t\t\t\t\t<\/li>\n\t\t\t\t\t\t\t\t<li class=\"elementor-icon-list-item\">\n\t\t\t\t\t\t\t\t\t\t\t<span class=\"elementor-icon-list-icon\">\n\t\t\t\t\t\t\t<i aria-hidden=\"true\" class=\"fas fa-check\"><\/i>\t\t\t\t\t\t<\/span>\n\t\t\t\t\t\t\t\t\t\t<span class=\"elementor-icon-list-text\">Contribuir para a redu\u00e7\u00e3o das desigualdades entre as diferentes regi\u00f5es do Pa\u00eds, por meio da oferta de cursos de capacita\u00e7\u00e3o e educa\u00e7\u00e3o permanente;<span style=\"color: var( --e-global-color-secondary );letter-spacing: 0px;text-align: var(--text-align)\"><\/span><\/span>\n\t\t\t\t\t\t\t\t\t<\/li>\n\t\t\t\t\t\t\t\t<li class=\"elementor-icon-list-item\">\n\t\t\t\t\t\t\t\t\t\t\t<span class=\"elementor-icon-list-icon\">\n\t\t\t\t\t\t\t<i aria-hidden=\"true\" class=\"fas fa-check\"><\/i>\t\t\t\t\t\t<\/span>\n\t\t\t\t\t\t\t\t\t\t<span class=\"elementor-icon-list-text\">Contribuir com a integra\u00e7\u00e3o ensino-servi\u00e7o na \u00e1rea da aten\u00e7\u00e3o \u00e0 sa\u00fade.<\/span>\n\t\t\t\t\t\t\t\t\t<\/li>\n\t\t\t\t\t\t<\/ul>\n\t\t\t\t\t\t<\/div>\n\t\t\t\t<\/div>\n\t\t\t\t\t<\/div>\n\t\t\t\t<\/div>\n\t\t\t\t<\/div>\n\t\t\t\t<\/div>\n\t\t","protected":false},"excerpt":{"rendered":"<p>UNA-SUS UEA Institu\u00eddo pelo Decreto 7.385 de 8 de dezembro de 2010\u00a0 e regulamentado pela Portaria Interministerial n\u00ba 10 de 11 de julho de 2013\u00a0 . Importante ressaltar que, al\u00e9m das institui\u00e7\u00f5es p\u00fablicas de educa\u00e7\u00e3o superior, citadas no Art. 6\u00ba do Decreto 7.385, outras institui\u00e7\u00f5es p\u00fablicas que obtiverem credenciamento especial para a oferta de cursos [&hellip;]<\/p>\n","protected":false},"author":1,"featured_media":0,"parent":0,"menu_order":0,"comment_status":"closed","ping_status":"closed","template":"elementor_header_footer","meta":{"footnotes":""},"class_list":["post-204","page","type-page","status-publish","hentry"],"_links":{"self":[{"href":"https:\/\/uddae.uea.edu.br\/index.php\/wp-json\/wp\/v2\/pages\/204","targetHints":{"allow":["GET"]}}],"collection":[{"href":"https:\/\/uddae.uea.edu.br\/index.php\/wp-json\/wp\/v2\/pages"}],"about":[{"href":"https:\/\/uddae.uea.edu.br\/index.php\/wp-json\/wp\/v2\/types\/page"}],"author":[{"embeddable":true,"href":"https:\/\/uddae.uea.edu.br\/index.php\/wp-json\/wp\/v2\/users\/1"}],"replies":[{"embeddable":true,"href":"https:\/\/uddae.uea.edu.br\/index.php\/wp-json\/wp\/v2\/comments?post=204"}],"version-history":[{"count":25,"href":"https:\/\/uddae.uea.edu.br\/index.php\/wp-json\/wp\/v2\/pages\/204\/revisions"}],"predecessor-version":[{"id":1310,"href":"https:\/\/uddae.uea.edu.br\/index.php\/wp-json\/wp\/v2\/pages\/204\/revisions\/1310"}],"wp:attachment":[{"href":"https:\/\/uddae.uea.edu.br\/index.php\/wp-json\/wp\/v2\/media?parent=204"}],"curies":[{"name":"wp","href":"https:\/\/api.w.org\/{rel}","templated":true}]}}