{"id":200,"date":"2023-07-01T18:12:57","date_gmt":"2023-07-01T18:12:57","guid":{"rendered":"http:\/\/telessaude.uea.edu.br\/?page_id=200"},"modified":"2023-07-23T17:00:21","modified_gmt":"2023-07-23T17:00:21","slug":"planejamento-educacional","status":"publish","type":"page","link":"https:\/\/uddae.uea.edu.br\/index.php\/planejamento-educacional\/","title":{"rendered":"Planejamento Educacional"},"content":{"rendered":"\t\t<div data-elementor-type=\"wp-page\" data-elementor-id=\"200\" class=\"elementor elementor-200\">\n\t\t\t\t<div class=\"elementor-element elementor-element-162c03b e-con-full e-flex elementor-invisible e-con e-parent\" data-id=\"162c03b\" data-element_type=\"container\" data-e-type=\"container\" data-settings=\"{&quot;animation&quot;:&quot;fadeIn&quot;,&quot;background_background&quot;:&quot;classic&quot;}\">\n\t\t<div class=\"elementor-element elementor-element-ca3158a e-con-full e-flex e-con e-parent\" data-id=\"ca3158a\" data-element_type=\"container\" data-e-type=\"container\">\n\t\t\t\t<div class=\"elementor-element elementor-element-2b6a41e elementor-widget elementor-widget-heading\" data-id=\"2b6a41e\" data-element_type=\"widget\" data-e-type=\"widget\" data-widget_type=\"heading.default\">\n\t\t\t\t<div class=\"elementor-widget-container\">\n\t\t\t\t\t<h2 class=\"elementor-heading-title elementor-size-default\">Planejamento Educacional<\/h2>\t\t\t\t<\/div>\n\t\t\t\t<\/div>\n\t\t\t\t<\/div>\n\t\t\t\t<\/div>\n\t\t<div class=\"elementor-element elementor-element-d408c14 e-con-full e-flex e-con e-parent\" data-id=\"d408c14\" data-element_type=\"container\" data-e-type=\"container\">\n\t\t\t\t<div class=\"elementor-element elementor-element-5162833 elementor-widget elementor-widget-text-editor\" data-id=\"5162833\" data-element_type=\"widget\" data-e-type=\"widget\" data-widget_type=\"text-editor.default\">\n\t\t\t\t<div class=\"elementor-widget-container\">\n\t\t\t\t\t\t\t\t\t<p>Tem como objetivo apoiar o aluno durante o processo de aprendizagem, norteando a organiza\u00e7\u00e3o de carreira profissional ainda como estudante, ofertando por meio de tutorias, acompanhamento pedag\u00f3gico e organiza\u00e7\u00e3o do curr\u00edculo em um ambiente acolhedor.<\/p>\t\t\t\t\t\t\t\t<\/div>\n\t\t\t\t<\/div>\n\t\t\t\t<\/div>\n\t\t\t\t<\/div>\n\t\t","protected":false},"excerpt":{"rendered":"<p>Planejamento Educacional Tem como objetivo apoiar o aluno durante o processo de aprendizagem, norteando a organiza\u00e7\u00e3o de carreira profissional ainda como estudante, ofertando por meio de tutorias, acompanhamento pedag\u00f3gico e organiza\u00e7\u00e3o do curr\u00edculo em um ambiente acolhedor.<\/p>\n","protected":false},"author":1,"featured_media":0,"parent":0,"menu_order":0,"comment_status":"closed","ping_status":"closed","template":"elementor_header_footer","meta":{"footnotes":""},"class_list":["post-200","page","type-page","status-publish","hentry"],"_links":{"self":[{"href":"https:\/\/uddae.uea.edu.br\/index.php\/wp-json\/wp\/v2\/pages\/200","targetHints":{"allow":["GET"]}}],"collection":[{"href":"https:\/\/uddae.uea.edu.br\/index.php\/wp-json\/wp\/v2\/pages"}],"about":[{"href":"https:\/\/uddae.uea.edu.br\/index.php\/wp-json\/wp\/v2\/types\/page"}],"author":[{"embeddable":true,"href":"https:\/\/uddae.uea.edu.br\/index.php\/wp-json\/wp\/v2\/users\/1"}],"replies":[{"embeddable":true,"href":"https:\/\/uddae.uea.edu.br\/index.php\/wp-json\/wp\/v2\/comments?post=200"}],"version-history":[{"count":13,"href":"https:\/\/uddae.uea.edu.br\/index.php\/wp-json\/wp\/v2\/pages\/200\/revisions"}],"predecessor-version":[{"id":1241,"href":"https:\/\/uddae.uea.edu.br\/index.php\/wp-json\/wp\/v2\/pages\/200\/revisions\/1241"}],"wp:attachment":[{"href":"https:\/\/uddae.uea.edu.br\/index.php\/wp-json\/wp\/v2\/media?parent=200"}],"curies":[{"name":"wp","href":"https:\/\/api.w.org\/{rel}","templated":true}]}}