{"id":198,"date":"2023-07-01T18:12:20","date_gmt":"2023-07-01T18:12:20","guid":{"rendered":"http:\/\/telessaude.uea.edu.br\/?page_id=198"},"modified":"2023-07-23T16:58:31","modified_gmt":"2023-07-23T16:58:31","slug":"nucleo-humanistico","status":"publish","type":"page","link":"https:\/\/uddae.uea.edu.br\/index.php\/nucleo-humanistico\/","title":{"rendered":"N\u00facleo Human\u00edstico"},"content":{"rendered":"\t\t<div data-elementor-type=\"wp-page\" data-elementor-id=\"198\" class=\"elementor elementor-198\">\n\t\t\t\t<div class=\"elementor-element elementor-element-f320f97 e-con-full e-flex elementor-invisible e-con e-parent\" data-id=\"f320f97\" data-element_type=\"container\" data-e-type=\"container\" data-settings=\"{&quot;animation&quot;:&quot;fadeIn&quot;,&quot;background_background&quot;:&quot;classic&quot;}\">\n\t\t<div class=\"elementor-element elementor-element-7d26940 e-con-full e-flex e-con e-parent\" data-id=\"7d26940\" data-element_type=\"container\" data-e-type=\"container\">\n\t\t\t\t<div class=\"elementor-element elementor-element-aa49104 elementor-widget__width-inherit elementor-widget elementor-widget-heading\" data-id=\"aa49104\" data-element_type=\"widget\" data-e-type=\"widget\" data-widget_type=\"heading.default\">\n\t\t\t\t<div class=\"elementor-widget-container\">\n\t\t\t\t\t<h2 class=\"elementor-heading-title elementor-size-default\">N\u00facleo Human\u00edstico<\/h2>\t\t\t\t<\/div>\n\t\t\t\t<\/div>\n\t\t\t\t<\/div>\n\t\t\t\t<\/div>\n\t\t<div class=\"elementor-element elementor-element-6a79edc e-con-full e-flex e-con e-parent\" data-id=\"6a79edc\" data-element_type=\"container\" data-e-type=\"container\">\n\t\t\t\t<div class=\"elementor-element elementor-element-f4ed016 elementor-widget elementor-widget-text-editor\" data-id=\"f4ed016\" data-element_type=\"widget\" data-e-type=\"widget\" data-widget_type=\"text-editor.default\">\n\t\t\t\t<div class=\"elementor-widget-container\">\n\t\t\t\t\t\t\t\t\t<p>O ambiente universit\u00e1rio deve ser um ambiente acolhedor e seguro, que deve interagir com os diversos locais e campos de atua\u00e7\u00e3o discente e docente durante sua viv\u00eancia na comunidade acad\u00eamica.\u00a0<\/p><p>A qualidade da forma\u00e7\u00e3o profissional inclui al\u00e9m de habilidades t\u00e9cnicas, componentes humanos e sociais.<\/p><p>Este n\u00facleo tem como objetivo implementar estrat\u00e9gias que apoiem o desenvolvimento destas habilidades human\u00edsticas no conv\u00edvio em sociedade.<\/p>\t\t\t\t\t\t\t\t<\/div>\n\t\t\t\t<\/div>\n\t\t\t\t<\/div>\n\t\t\t\t<\/div>\n\t\t","protected":false},"excerpt":{"rendered":"<p>N\u00facleo Human\u00edstico O ambiente universit\u00e1rio deve ser um ambiente acolhedor e seguro, que deve interagir com os diversos locais e campos de atua\u00e7\u00e3o discente e docente durante sua viv\u00eancia na comunidade acad\u00eamica.\u00a0 A qualidade da forma\u00e7\u00e3o profissional inclui al\u00e9m de habilidades t\u00e9cnicas, componentes humanos e sociais. Este n\u00facleo tem como objetivo implementar estrat\u00e9gias que apoiem [&hellip;]<\/p>\n","protected":false},"author":1,"featured_media":0,"parent":0,"menu_order":0,"comment_status":"closed","ping_status":"closed","template":"elementor_header_footer","meta":{"footnotes":""},"class_list":["post-198","page","type-page","status-publish","hentry"],"_links":{"self":[{"href":"https:\/\/uddae.uea.edu.br\/index.php\/wp-json\/wp\/v2\/pages\/198","targetHints":{"allow":["GET"]}}],"collection":[{"href":"https:\/\/uddae.uea.edu.br\/index.php\/wp-json\/wp\/v2\/pages"}],"about":[{"href":"https:\/\/uddae.uea.edu.br\/index.php\/wp-json\/wp\/v2\/types\/page"}],"author":[{"embeddable":true,"href":"https:\/\/uddae.uea.edu.br\/index.php\/wp-json\/wp\/v2\/users\/1"}],"replies":[{"embeddable":true,"href":"https:\/\/uddae.uea.edu.br\/index.php\/wp-json\/wp\/v2\/comments?post=198"}],"version-history":[{"count":13,"href":"https:\/\/uddae.uea.edu.br\/index.php\/wp-json\/wp\/v2\/pages\/198\/revisions"}],"predecessor-version":[{"id":1235,"href":"https:\/\/uddae.uea.edu.br\/index.php\/wp-json\/wp\/v2\/pages\/198\/revisions\/1235"}],"wp:attachment":[{"href":"https:\/\/uddae.uea.edu.br\/index.php\/wp-json\/wp\/v2\/media?parent=198"}],"curies":[{"name":"wp","href":"https:\/\/api.w.org\/{rel}","templated":true}]}}