{"id":196,"date":"2023-07-01T18:11:42","date_gmt":"2023-07-01T18:11:42","guid":{"rendered":"http:\/\/telessaude.uea.edu.br\/?page_id=196"},"modified":"2023-07-23T16:49:28","modified_gmt":"2023-07-23T16:49:28","slug":"laboratorio-de-ensino-e-avaliacao","status":"publish","type":"page","link":"https:\/\/uddae.uea.edu.br\/index.php\/laboratorio-de-ensino-e-avaliacao\/","title":{"rendered":"Laborat\u00f3rio de Ensino e Avalia\u00e7\u00e3o"},"content":{"rendered":"\t\t<div data-elementor-type=\"wp-page\" data-elementor-id=\"196\" class=\"elementor elementor-196\">\n\t\t\t\t<div class=\"elementor-element elementor-element-2c71b8c e-con-full e-flex elementor-invisible e-con e-parent\" data-id=\"2c71b8c\" data-element_type=\"container\" data-e-type=\"container\" data-settings=\"{&quot;animation&quot;:&quot;fadeIn&quot;,&quot;background_background&quot;:&quot;classic&quot;}\">\n\t\t<div class=\"elementor-element elementor-element-f21ed59 e-con-full e-flex e-con e-parent\" data-id=\"f21ed59\" data-element_type=\"container\" data-e-type=\"container\">\n\t\t\t\t<div class=\"elementor-element elementor-element-a0c0c0f elementor-widget elementor-widget-heading\" data-id=\"a0c0c0f\" data-element_type=\"widget\" data-e-type=\"widget\" data-widget_type=\"heading.default\">\n\t\t\t\t<div class=\"elementor-widget-container\">\n\t\t\t\t\t<h2 class=\"elementor-heading-title elementor-size-default\">Laborat\u00f3rio de Ensino e Avalia\u00e7\u00e3o<\/h2>\t\t\t\t<\/div>\n\t\t\t\t<\/div>\n\t\t\t\t<\/div>\n\t\t\t\t<\/div>\n\t\t<div class=\"elementor-element elementor-element-1c2f0e6 e-con-full e-flex e-con e-parent\" data-id=\"1c2f0e6\" data-element_type=\"container\" data-e-type=\"container\">\n\t\t\t\t<div class=\"elementor-element elementor-element-0818c3c elementor-widget elementor-widget-text-editor\" data-id=\"0818c3c\" data-element_type=\"widget\" data-e-type=\"widget\" data-widget_type=\"text-editor.default\">\n\t\t\t\t<div class=\"elementor-widget-container\">\n\t\t\t\t\t\t\t\t\t<p>Onde ser\u00e3o desenvolvidas e aprimoradas as pr\u00e1ticas docentes e implementadas t\u00e9cnicas e metodologias de ensino para as profiss\u00f5es da sa\u00fade, por meio de grupos de estudo, capacita\u00e7\u00f5es mini-cursos, oficinas, entre outros.\u00a0<\/p><p>Tem como objetivo sistematizar estrat\u00e9gias de avalia\u00e7\u00e3o do processo ensino e aprendizagem em suas diferentes etapas.<\/p>\t\t\t\t\t\t\t\t<\/div>\n\t\t\t\t<\/div>\n\t\t\t\t<\/div>\n\t\t\t\t<\/div>\n\t\t","protected":false},"excerpt":{"rendered":"<p>Laborat\u00f3rio de Ensino e Avalia\u00e7\u00e3o Onde ser\u00e3o desenvolvidas e aprimoradas as pr\u00e1ticas docentes e implementadas t\u00e9cnicas e metodologias de ensino para as profiss\u00f5es da sa\u00fade, por meio de grupos de estudo, capacita\u00e7\u00f5es mini-cursos, oficinas, entre outros.\u00a0 Tem como objetivo sistematizar estrat\u00e9gias de avalia\u00e7\u00e3o do processo ensino e aprendizagem em suas diferentes etapas.<\/p>\n","protected":false},"author":1,"featured_media":0,"parent":0,"menu_order":0,"comment_status":"closed","ping_status":"closed","template":"elementor_header_footer","meta":{"footnotes":""},"class_list":["post-196","page","type-page","status-publish","hentry"],"_links":{"self":[{"href":"https:\/\/uddae.uea.edu.br\/index.php\/wp-json\/wp\/v2\/pages\/196","targetHints":{"allow":["GET"]}}],"collection":[{"href":"https:\/\/uddae.uea.edu.br\/index.php\/wp-json\/wp\/v2\/pages"}],"about":[{"href":"https:\/\/uddae.uea.edu.br\/index.php\/wp-json\/wp\/v2\/types\/page"}],"author":[{"embeddable":true,"href":"https:\/\/uddae.uea.edu.br\/index.php\/wp-json\/wp\/v2\/users\/1"}],"replies":[{"embeddable":true,"href":"https:\/\/uddae.uea.edu.br\/index.php\/wp-json\/wp\/v2\/comments?post=196"}],"version-history":[{"count":16,"href":"https:\/\/uddae.uea.edu.br\/index.php\/wp-json\/wp\/v2\/pages\/196\/revisions"}],"predecessor-version":[{"id":1220,"href":"https:\/\/uddae.uea.edu.br\/index.php\/wp-json\/wp\/v2\/pages\/196\/revisions\/1220"}],"wp:attachment":[{"href":"https:\/\/uddae.uea.edu.br\/index.php\/wp-json\/wp\/v2\/media?parent=196"}],"curies":[{"name":"wp","href":"https:\/\/api.w.org\/{rel}","templated":true}]}}