{"id":194,"date":"2023-07-01T18:11:02","date_gmt":"2023-07-01T18:11:02","guid":{"rendered":"http:\/\/telessaude.uea.edu.br\/?page_id=194"},"modified":"2023-07-23T16:56:25","modified_gmt":"2023-07-23T16:56:25","slug":"integracao-curricular-e-de-ensino-e-servico","status":"publish","type":"page","link":"https:\/\/uddae.uea.edu.br\/index.php\/integracao-curricular-e-de-ensino-e-servico\/","title":{"rendered":"Integra\u00e7\u00e3o Curricular e de Ensino e Servi\u00e7o"},"content":{"rendered":"\t\t<div data-elementor-type=\"wp-page\" data-elementor-id=\"194\" class=\"elementor elementor-194\">\n\t\t\t\t<div class=\"elementor-element elementor-element-2492a91 e-con-full e-flex elementor-invisible e-con e-parent\" data-id=\"2492a91\" data-element_type=\"container\" data-e-type=\"container\" data-settings=\"{&quot;animation&quot;:&quot;fadeIn&quot;,&quot;background_background&quot;:&quot;classic&quot;}\">\n\t\t<div class=\"elementor-element elementor-element-ef722e4 e-con-full e-flex e-con e-parent\" data-id=\"ef722e4\" data-element_type=\"container\" data-e-type=\"container\">\n\t\t\t\t<div class=\"elementor-element elementor-element-4ae5410 elementor-widget__width-inherit elementor-widget elementor-widget-heading\" data-id=\"4ae5410\" data-element_type=\"widget\" data-e-type=\"widget\" data-widget_type=\"heading.default\">\n\t\t\t\t<div class=\"elementor-widget-container\">\n\t\t\t\t\t<h2 class=\"elementor-heading-title elementor-size-default\">Integra\u00e7\u00e3o Curricular e \nde Ensino e Servi\u00e7o<\/h2>\t\t\t\t<\/div>\n\t\t\t\t<\/div>\n\t\t\t\t<\/div>\n\t\t\t\t<\/div>\n\t\t<div class=\"elementor-element elementor-element-9bf5f98 e-con-full e-flex e-con e-parent\" data-id=\"9bf5f98\" data-element_type=\"container\" data-e-type=\"container\">\n\t\t\t\t<div class=\"elementor-element elementor-element-145625f elementor-widget elementor-widget-text-editor\" data-id=\"145625f\" data-element_type=\"widget\" data-e-type=\"widget\" data-widget_type=\"text-editor.default\">\n\t\t\t\t<div class=\"elementor-widget-container\">\n\t\t\t\t\t\t\t\t\t<p>S\u00e3o essenciais para um ensino din\u00e2mico, integrado, que tenha como prop\u00f3sito dar respostas as necessidades da popula\u00e7\u00e3o, particularmente nos aspectos da sa\u00fade humana em seus distintos ciclos de vida.\u00a0\u00a0<\/p><p>Este aspecto do ensino \u00e9 constru\u00eddo em conson\u00e2ncia com o SUS, tendo a aten\u00e7\u00e3o b\u00e1sica o ponto de organiza\u00e7\u00e3o da sa\u00fade p\u00fablica, estendendo-se aos demais n\u00edveis de aten\u00e7\u00e3o em suas signific\u00e2ncias de centralidade e import\u00e2ncia dentro da rede de sa\u00fade.<\/p>\t\t\t\t\t\t\t\t<\/div>\n\t\t\t\t<\/div>\n\t\t\t\t<\/div>\n\t\t\t\t<\/div>\n\t\t","protected":false},"excerpt":{"rendered":"<p>Integra\u00e7\u00e3o Curricular e de Ensino e Servi\u00e7o S\u00e3o essenciais para um ensino din\u00e2mico, integrado, que tenha como prop\u00f3sito dar respostas as necessidades da popula\u00e7\u00e3o, particularmente nos aspectos da sa\u00fade humana em seus distintos ciclos de vida.\u00a0\u00a0 Este aspecto do ensino \u00e9 constru\u00eddo em conson\u00e2ncia com o SUS, tendo a aten\u00e7\u00e3o b\u00e1sica o ponto de organiza\u00e7\u00e3o [&hellip;]<\/p>\n","protected":false},"author":1,"featured_media":0,"parent":0,"menu_order":0,"comment_status":"closed","ping_status":"closed","template":"elementor_header_footer","meta":{"footnotes":""},"class_list":["post-194","page","type-page","status-publish","hentry"],"_links":{"self":[{"href":"https:\/\/uddae.uea.edu.br\/index.php\/wp-json\/wp\/v2\/pages\/194","targetHints":{"allow":["GET"]}}],"collection":[{"href":"https:\/\/uddae.uea.edu.br\/index.php\/wp-json\/wp\/v2\/pages"}],"about":[{"href":"https:\/\/uddae.uea.edu.br\/index.php\/wp-json\/wp\/v2\/types\/page"}],"author":[{"embeddable":true,"href":"https:\/\/uddae.uea.edu.br\/index.php\/wp-json\/wp\/v2\/users\/1"}],"replies":[{"embeddable":true,"href":"https:\/\/uddae.uea.edu.br\/index.php\/wp-json\/wp\/v2\/comments?post=194"}],"version-history":[{"count":16,"href":"https:\/\/uddae.uea.edu.br\/index.php\/wp-json\/wp\/v2\/pages\/194\/revisions"}],"predecessor-version":[{"id":1229,"href":"https:\/\/uddae.uea.edu.br\/index.php\/wp-json\/wp\/v2\/pages\/194\/revisions\/1229"}],"wp:attachment":[{"href":"https:\/\/uddae.uea.edu.br\/index.php\/wp-json\/wp\/v2\/media?parent=194"}],"curies":[{"name":"wp","href":"https:\/\/api.w.org\/{rel}","templated":true}]}}