{"id":160,"date":"2023-07-01T04:59:00","date_gmt":"2023-07-01T04:59:00","guid":{"rendered":"http:\/\/telessaude.uea.edu.br\/?page_id=160"},"modified":"2023-09-12T19:17:20","modified_gmt":"2023-09-12T19:17:20","slug":"uddae","status":"publish","type":"page","link":"https:\/\/uddae.uea.edu.br\/index.php\/uddae\/","title":{"rendered":"UDDAE"},"content":{"rendered":"\t\t<div data-elementor-type=\"wp-page\" data-elementor-id=\"160\" class=\"elementor elementor-160\">\n\t\t\t\t<div class=\"elementor-element elementor-element-71d7c6a e-con-full e-flex elementor-invisible e-con e-parent\" data-id=\"71d7c6a\" data-element_type=\"container\" data-e-type=\"container\" data-settings=\"{&quot;animation&quot;:&quot;fadeIn&quot;,&quot;background_background&quot;:&quot;classic&quot;}\">\n\t\t<div class=\"elementor-element elementor-element-c94a629 e-con-full e-flex e-con e-child\" data-id=\"c94a629\" data-element_type=\"container\" data-e-type=\"container\">\n\t\t\t\t<div class=\"elementor-element elementor-element-79e8ad8 elementor-widget elementor-widget-heading\" data-id=\"79e8ad8\" data-element_type=\"widget\" data-e-type=\"widget\" data-widget_type=\"heading.default\">\n\t\t\t\t<div class=\"elementor-widget-container\">\n\t\t\t\t\t<h2 class=\"elementor-heading-title elementor-size-default\">UDDAE<\/h2>\t\t\t\t<\/div>\n\t\t\t\t<\/div>\n\t\t\t\t<\/div>\n\t\t\t\t<\/div>\n\t\t<div class=\"elementor-element elementor-element-d7e8306 e-con-full e-flex e-con e-parent\" data-id=\"d7e8306\" data-element_type=\"container\" data-e-type=\"container\">\n\t\t\t\t<div class=\"elementor-element elementor-element-f330cf7 elementor-widget elementor-widget-text-editor\" data-id=\"f330cf7\" data-element_type=\"widget\" data-e-type=\"widget\" data-widget_type=\"text-editor.default\">\n\t\t\t\t<div class=\"elementor-widget-container\">\n\t\t\t\t\t\t\t\t\t<p>A Unidade de Desenvolvimento Docente e Apoio ao Ensino \u00e9 um projeto voltado para os docentes e discentes dos cursos da Escola Superior de Ci\u00eancias da Sa\u00fade (ESA). Visando aprimorar o processo de ensino-aprendizagem a partir da capacita\u00e7\u00e3o, aperfei\u00e7oamento e qualifica\u00e7\u00e3o docente dos cursos da ESA nas \u00e1reas de Enfermagem, Educa\u00e7\u00e3o F\u00edsica, Medicina e Odontologia e nos cursos <em>lato<\/em> e <em>stricto sensu<\/em> nas \u00e1reas de compet\u00eancia.<\/p>\t\t\t\t\t\t\t\t<\/div>\n\t\t\t\t<\/div>\n\t\t\t\t<\/div>\n\t\t<div class=\"elementor-element elementor-element-387a28b e-flex e-con-boxed e-con e-parent\" data-id=\"387a28b\" data-element_type=\"container\" data-e-type=\"container\">\n\t\t\t\t\t<div class=\"e-con-inner\">\n\t\t\t\t<div class=\"elementor-element elementor-element-c2080f5 elementor-widget elementor-widget-heading\" data-id=\"c2080f5\" data-element_type=\"widget\" data-e-type=\"widget\" data-widget_type=\"heading.default\">\n\t\t\t\t<div class=\"elementor-widget-container\">\n\t\t\t\t\t<h2 class=\"elementor-heading-title elementor-size-default\">Miss\u00e3o<\/h2>\t\t\t\t<\/div>\n\t\t\t\t<\/div>\n\t\t\t\t<div class=\"elementor-element elementor-element-684f922 elementor-widget elementor-widget-text-editor\" data-id=\"684f922\" data-element_type=\"widget\" data-e-type=\"widget\" data-widget_type=\"text-editor.default\">\n\t\t\t\t<div class=\"elementor-widget-container\">\n\t\t\t\t\t\t\t\t\t<p>Fomentar a integra\u00e7\u00e3o e desenvolvimento de estrat\u00e9gias educacionais para a melhoria e efic\u00e1cia no processo de forma\u00e7\u00e3o de alunos e capacita\u00e7\u00e3o dos docentes da ESA\/UEA, alicer\u00e7ado na tecnologia de inova\u00e7\u00e3o da ci\u00eancia e do conhecimento, respeitando os direitos individuais e coletivos e oportunizando os saberes e tradi\u00e7\u00f5es dos povos da regi\u00e3o Amaz\u00f4nica.<\/p>\t\t\t\t\t\t\t\t<\/div>\n\t\t\t\t<\/div>\n\t\t\t\t<div class=\"elementor-element elementor-element-4b94fcb elementor-widget elementor-widget-heading\" data-id=\"4b94fcb\" data-element_type=\"widget\" data-e-type=\"widget\" data-widget_type=\"heading.default\">\n\t\t\t\t<div class=\"elementor-widget-container\">\n\t\t\t\t\t<h2 class=\"elementor-heading-title elementor-size-default\">Objetivos<\/h2>\t\t\t\t<\/div>\n\t\t\t\t<\/div>\n\t\t\t\t<div class=\"elementor-element elementor-element-bb98995 elementor-widget elementor-widget-text-editor\" data-id=\"bb98995\" data-element_type=\"widget\" data-e-type=\"widget\" data-widget_type=\"text-editor.default\">\n\t\t\t\t<div class=\"elementor-widget-container\">\n\t\t\t\t\t\t\t\t\t<p>A UDDAE alinhada as Diretrizes Curriculares Nacionais dos Cursos e atendendo as evolu\u00e7\u00f5es educacionais e compromisso social, tem por objetivos:<\/p>\t\t\t\t\t\t\t\t<\/div>\n\t\t\t\t<\/div>\n\t\t\t\t<div class=\"elementor-element elementor-element-4da601f elementor-icon-list--layout-traditional elementor-list-item-link-full_width elementor-widget elementor-widget-icon-list\" data-id=\"4da601f\" data-element_type=\"widget\" data-e-type=\"widget\" data-widget_type=\"icon-list.default\">\n\t\t\t\t<div class=\"elementor-widget-container\">\n\t\t\t\t\t\t\t<ul class=\"elementor-icon-list-items\">\n\t\t\t\t\t\t\t<li class=\"elementor-icon-list-item\">\n\t\t\t\t\t\t\t\t\t\t\t<span class=\"elementor-icon-list-icon\">\n\t\t\t\t\t\t\t<i aria-hidden=\"true\" class=\"fas fa-circle\"><\/i>\t\t\t\t\t\t<\/span>\n\t\t\t\t\t\t\t\t\t\t<span class=\"elementor-icon-list-text\">Favorecer o aprimoramento das compet\u00eancias pedag\u00f3gicas, bem como o engajamento de discentes as pr\u00e1ticas acad\u00eamicas, relacionais e gerenciais requeridas pelo processo de ensino e aprendizagem;<\/span>\n\t\t\t\t\t\t\t\t\t<\/li>\n\t\t\t\t\t\t\t\t<li class=\"elementor-icon-list-item\">\n\t\t\t\t\t\t\t\t\t\t\t<span class=\"elementor-icon-list-icon\">\n\t\t\t\t\t\t\t<i aria-hidden=\"true\" class=\"fas fa-circle\"><\/i>\t\t\t\t\t\t<\/span>\n\t\t\t\t\t\t\t\t\t\t<span class=\"elementor-icon-list-text\">Capacitar os docentes em um processo de forma\u00e7\u00e3o continuo e integral, associando a tecnologia aos conhecimentos cient\u00edficos da academia com o servi\u00e7o;<\/span>\n\t\t\t\t\t\t\t\t\t<\/li>\n\t\t\t\t\t\t\t\t<li class=\"elementor-icon-list-item\">\n\t\t\t\t\t\t\t\t\t\t\t<span class=\"elementor-icon-list-icon\">\n\t\t\t\t\t\t\t<i aria-hidden=\"true\" class=\"fas fa-circle\"><\/i>\t\t\t\t\t\t<\/span>\n\t\t\t\t\t\t\t\t\t\t<span class=\"elementor-icon-list-text\">Incentivar pesquisas que trabalhem junto aos conhecimentos tradicionais, e em seus diferentes espa\u00e7os de constru\u00e7\u00f5es culturais e de ensino;<\/span>\n\t\t\t\t\t\t\t\t\t<\/li>\n\t\t\t\t\t\t\t\t<li class=\"elementor-icon-list-item\">\n\t\t\t\t\t\t\t\t\t\t\t<a href=\"http:\/\/Gerar%20conte\u00fados%20baseados%20em%20evid\u00eancias%20que%20auxiliem%20a%20implementa\u00e7\u00e3o%20de%20pol\u00edticas%20de%20sa\u00fade,%20sociais%20voltadas%20a%20din\u00e2mica%20e%20peculiaridade%20regional;\">\n\n\t\t\t\t\t\t\t\t\t\t\t\t<span class=\"elementor-icon-list-icon\">\n\t\t\t\t\t\t\t<i aria-hidden=\"true\" class=\"fas fa-circle\"><\/i>\t\t\t\t\t\t<\/span>\n\t\t\t\t\t\t\t\t\t\t<span class=\"elementor-icon-list-text\">Capacitar os docentes em um processo de forma\u00e7\u00e3o continuo e integral, associando a tecnologia aos conhecimentos cient\u00edficos da academia com o servi\u00e7o;<\/span>\n\t\t\t\t\t\t\t\t\t\t\t<\/a>\n\t\t\t\t\t\t\t\t\t<\/li>\n\t\t\t\t\t\t\t\t<li class=\"elementor-icon-list-item\">\n\t\t\t\t\t\t\t\t\t\t\t<span class=\"elementor-icon-list-icon\">\n\t\t\t\t\t\t\t<i aria-hidden=\"true\" class=\"fas fa-circle\"><\/i>\t\t\t\t\t\t<\/span>\n\t\t\t\t\t\t\t\t\t\t<span class=\"elementor-icon-list-text\">Fomentar as pesquisa e cria\u00e7\u00f5es baseadas na tecnologia da informa\u00e7\u00e3o e comunica\u00e7\u00e3o.<\/span>\n\t\t\t\t\t\t\t\t\t<\/li>\n\t\t\t\t\t\t<\/ul>\n\t\t\t\t\t\t<\/div>\n\t\t\t\t<\/div>\n\t\t\t\t\t<\/div>\n\t\t\t\t<\/div>\n\t\t<div class=\"elementor-element elementor-element-ea7f086 e-con-full e-flex e-con e-parent\" data-id=\"ea7f086\" data-element_type=\"container\" data-e-type=\"container\">\n\t\t<div class=\"elementor-element elementor-element-3d0110f e-con-full e-flex e-con e-child\" data-id=\"3d0110f\" data-element_type=\"container\" data-e-type=\"container\">\n\t\t\t\t<div class=\"elementor-element elementor-element-f9e6665 elementor-widget elementor-widget-heading\" data-id=\"f9e6665\" data-element_type=\"widget\" data-e-type=\"widget\" data-widget_type=\"heading.default\">\n\t\t\t\t<div class=\"elementor-widget-container\">\n\t\t\t\t\t<h2 class=\"elementor-heading-title elementor-size-default\">Estrat\u00e9gias<\/h2>\t\t\t\t<\/div>\n\t\t\t\t<\/div>\n\t\t\t\t<\/div>\n\t\t<div class=\"elementor-element elementor-element-06a48f8 e-con-full e-flex e-con e-child\" data-id=\"06a48f8\" data-element_type=\"container\" data-e-type=\"container\">\n\t\t\t\t<div class=\"elementor-element elementor-element-1e7bec6 elementor-widget elementor-widget-text-editor\" data-id=\"1e7bec6\" data-element_type=\"widget\" data-e-type=\"widget\" data-widget_type=\"text-editor.default\">\n\t\t\t\t<div class=\"elementor-widget-container\">\n\t\t\t\t\t\t\t\t\t<p>As atividades ofertadas pela UDDAE ir\u00e3o trabalhar metodologias ativas de ensino e aprendizagem, estimulando a integra\u00e7\u00e3o entre os sujeitos.<br \/><span style=\"background-color: var( --e-global-color-primary ); letter-spacing: 0px;\"><br \/>Principais estrat\u00e9gias: cursos, oficinas, capacita\u00e7\u00f5es, treinamentos, workshops, produ\u00e7\u00f5es de m\u00eddias digitais, tecnologias educacionais e tecnologias sociais.<\/span><\/p><p><span style=\"background-color: var( --e-global-color-primary ); letter-spacing: 0px;\">Com mentorias para docentes e alunos da ESA\/UEA em seus mais diferentes n\u00edveis de forma\u00e7\u00e3o profissional.<\/span><\/p>\t\t\t\t\t\t\t\t<\/div>\n\t\t\t\t<\/div>\n\t\t\t\t<\/div>\n\t\t\t\t<\/div>\n\t\t<div class=\"elementor-element elementor-element-fa02aa7 e-flex e-con-boxed e-con e-parent\" data-id=\"fa02aa7\" data-element_type=\"container\" data-e-type=\"container\" data-settings=\"{&quot;background_background&quot;:&quot;classic&quot;}\">\n\t\t\t\t\t<div class=\"e-con-inner\">\n\t\t<div class=\"elementor-element elementor-element-230f03a e-con-full e-flex e-con e-child\" data-id=\"230f03a\" data-element_type=\"container\" data-e-type=\"container\">\n\t\t\t\t<div class=\"elementor-element elementor-element-2857c3e elementor-widget elementor-widget-heading\" data-id=\"2857c3e\" data-element_type=\"widget\" data-e-type=\"widget\" data-widget_type=\"heading.default\">\n\t\t\t\t<div class=\"elementor-widget-container\">\n\t\t\t\t\t<h2 class=\"elementor-heading-title elementor-size-default\">Nossos N\u00facleos<\/h2>\t\t\t\t<\/div>\n\t\t\t\t<\/div>\n\t\t\t\t<\/div>\n\t\t\t\t\t<\/div>\n\t\t\t\t<\/div>\n\t\t<div class=\"elementor-element elementor-element-66f44d6 e-flex e-con-boxed e-con e-parent\" data-id=\"66f44d6\" data-element_type=\"container\" data-e-type=\"container\" data-settings=\"{&quot;background_background&quot;:&quot;classic&quot;}\">\n\t\t\t\t\t<div class=\"e-con-inner\">\n\t\t<div class=\"elementor-element elementor-element-27daf57 e-con-full e-flex e-con e-child\" data-id=\"27daf57\" data-element_type=\"container\" data-e-type=\"container\">\n\t\t\t\t<div class=\"elementor-element elementor-element-945237a elementor-position-top elementor-invisible elementor-widget elementor-widget-image-box\" data-id=\"945237a\" data-element_type=\"widget\" data-e-type=\"widget\" data-settings=\"{&quot;_animation&quot;:&quot;fadeIn&quot;}\" data-widget_type=\"image-box.default\">\n\t\t\t\t<div class=\"elementor-widget-container\">\n\t\t\t\t\t<div class=\"elementor-image-box-wrapper\"><figure class=\"elementor-image-box-img\"><a href=\"https:\/\/uddae.uea.edu.br\/index.php\/capacitacao-docente\/\" tabindex=\"-1\"><img fetchpriority=\"high\" decoding=\"async\" width=\"300\" height=\"300\" src=\"https:\/\/uddae.uea.edu.br\/wp-content\/uploads\/2023\/07\/3-1-300x300.png\" class=\"elementor-animation-grow attachment-medium size-medium wp-image-372\" alt=\"\" srcset=\"https:\/\/uddae.uea.edu.br\/wp-content\/uploads\/2023\/07\/3-1-300x300.png 300w, https:\/\/uddae.uea.edu.br\/wp-content\/uploads\/2023\/07\/3-1-1024x1024.png 1024w, https:\/\/uddae.uea.edu.br\/wp-content\/uploads\/2023\/07\/3-1-150x150.png 150w, https:\/\/uddae.uea.edu.br\/wp-content\/uploads\/2023\/07\/3-1-768x768.png 768w, https:\/\/uddae.uea.edu.br\/wp-content\/uploads\/2023\/07\/3-1-230x230.png 230w, https:\/\/uddae.uea.edu.br\/wp-content\/uploads\/2023\/07\/3-1-400x400.png 400w, https:\/\/uddae.uea.edu.br\/wp-content\/uploads\/2023\/07\/3-1-600x600.png 600w, https:\/\/uddae.uea.edu.br\/wp-content\/uploads\/2023\/07\/3-1-640x640.png 640w, https:\/\/uddae.uea.edu.br\/wp-content\/uploads\/2023\/07\/3-1.png 1080w\" sizes=\"(max-width: 300px) 100vw, 300px\" \/><\/a><\/figure><div class=\"elementor-image-box-content\"><h3 class=\"elementor-image-box-title\"><a href=\"https:\/\/uddae.uea.edu.br\/index.php\/capacitacao-docente\/\">Capacita\u00e7\u00e3o <br>Docente<\/a><\/h3><\/div><\/div>\t\t\t\t<\/div>\n\t\t\t\t<\/div>\n\t\t\t\t<\/div>\n\t\t<div class=\"elementor-element elementor-element-b2ca560 e-con-full e-flex e-con e-child\" data-id=\"b2ca560\" data-element_type=\"container\" data-e-type=\"container\">\n\t\t\t\t<div class=\"elementor-element elementor-element-31ef282 elementor-position-top elementor-invisible elementor-widget elementor-widget-image-box\" data-id=\"31ef282\" data-element_type=\"widget\" data-e-type=\"widget\" data-settings=\"{&quot;_animation&quot;:&quot;fadeIn&quot;}\" data-widget_type=\"image-box.default\">\n\t\t\t\t<div class=\"elementor-widget-container\">\n\t\t\t\t\t<div class=\"elementor-image-box-wrapper\"><figure class=\"elementor-image-box-img\"><a href=\"http:\/\/uddae.uea.edu.br\/index.php\/integracao-curricular-e-de-ensino-e-servico\/\" tabindex=\"-1\"><img decoding=\"async\" width=\"1080\" height=\"1080\" src=\"https:\/\/uddae.uea.edu.br\/wp-content\/uploads\/2023\/07\/1-1.png\" class=\"elementor-animation-grow attachment-full size-full wp-image-369\" alt=\"\" srcset=\"https:\/\/uddae.uea.edu.br\/wp-content\/uploads\/2023\/07\/1-1.png 1080w, https:\/\/uddae.uea.edu.br\/wp-content\/uploads\/2023\/07\/1-1-300x300.png 300w, https:\/\/uddae.uea.edu.br\/wp-content\/uploads\/2023\/07\/1-1-1024x1024.png 1024w, https:\/\/uddae.uea.edu.br\/wp-content\/uploads\/2023\/07\/1-1-150x150.png 150w, https:\/\/uddae.uea.edu.br\/wp-content\/uploads\/2023\/07\/1-1-768x768.png 768w, https:\/\/uddae.uea.edu.br\/wp-content\/uploads\/2023\/07\/1-1-230x230.png 230w, https:\/\/uddae.uea.edu.br\/wp-content\/uploads\/2023\/07\/1-1-400x400.png 400w, https:\/\/uddae.uea.edu.br\/wp-content\/uploads\/2023\/07\/1-1-600x600.png 600w, https:\/\/uddae.uea.edu.br\/wp-content\/uploads\/2023\/07\/1-1-640x640.png 640w\" sizes=\"(max-width: 1080px) 100vw, 1080px\" \/><\/a><\/figure><div class=\"elementor-image-box-content\"><h3 class=\"elementor-image-box-title\"><a href=\"http:\/\/uddae.uea.edu.br\/index.php\/integracao-curricular-e-de-ensino-e-servico\/\">Integra\u00e7\u00e3o Curricular e de Ensino e Servi\u00e7o<\/a><\/h3><\/div><\/div>\t\t\t\t<\/div>\n\t\t\t\t<\/div>\n\t\t\t\t<\/div>\n\t\t<div class=\"elementor-element elementor-element-6209e1c e-con-full e-flex e-con e-child\" data-id=\"6209e1c\" data-element_type=\"container\" data-e-type=\"container\">\n\t\t\t\t<div class=\"elementor-element elementor-element-efa8197 elementor-position-top elementor-invisible elementor-widget elementor-widget-image-box\" data-id=\"efa8197\" data-element_type=\"widget\" data-e-type=\"widget\" data-settings=\"{&quot;_animation&quot;:&quot;fadeIn&quot;}\" data-widget_type=\"image-box.default\">\n\t\t\t\t<div class=\"elementor-widget-container\">\n\t\t\t\t\t<div class=\"elementor-image-box-wrapper\"><figure class=\"elementor-image-box-img\"><a href=\"https:\/\/uddae.uea.edu.br\/index.php\/planejamento-educacional\/\" tabindex=\"-1\"><img decoding=\"async\" width=\"1080\" height=\"1080\" src=\"https:\/\/uddae.uea.edu.br\/wp-content\/uploads\/2023\/07\/5-1.png\" class=\"elementor-animation-grow attachment-full size-full wp-image-371\" alt=\"\" srcset=\"https:\/\/uddae.uea.edu.br\/wp-content\/uploads\/2023\/07\/5-1.png 1080w, https:\/\/uddae.uea.edu.br\/wp-content\/uploads\/2023\/07\/5-1-300x300.png 300w, https:\/\/uddae.uea.edu.br\/wp-content\/uploads\/2023\/07\/5-1-1024x1024.png 1024w, https:\/\/uddae.uea.edu.br\/wp-content\/uploads\/2023\/07\/5-1-150x150.png 150w, https:\/\/uddae.uea.edu.br\/wp-content\/uploads\/2023\/07\/5-1-768x768.png 768w, https:\/\/uddae.uea.edu.br\/wp-content\/uploads\/2023\/07\/5-1-230x230.png 230w, https:\/\/uddae.uea.edu.br\/wp-content\/uploads\/2023\/07\/5-1-400x400.png 400w, https:\/\/uddae.uea.edu.br\/wp-content\/uploads\/2023\/07\/5-1-600x600.png 600w, https:\/\/uddae.uea.edu.br\/wp-content\/uploads\/2023\/07\/5-1-640x640.png 640w\" sizes=\"(max-width: 1080px) 100vw, 1080px\" \/><\/a><\/figure><div class=\"elementor-image-box-content\"><h3 class=\"elementor-image-box-title\"><a href=\"https:\/\/uddae.uea.edu.br\/index.php\/planejamento-educacional\/\">Planejamento<br> Educacional<\/a><\/h3><\/div><\/div>\t\t\t\t<\/div>\n\t\t\t\t<\/div>\n\t\t\t\t<\/div>\n\t\t<div class=\"elementor-element elementor-element-8b7bce0 e-con-full e-flex e-con e-child\" data-id=\"8b7bce0\" data-element_type=\"container\" data-e-type=\"container\">\n\t\t\t\t<div class=\"elementor-element elementor-element-4a6b5a5 elementor-position-top elementor-invisible elementor-widget elementor-widget-image-box\" data-id=\"4a6b5a5\" data-element_type=\"widget\" data-e-type=\"widget\" data-settings=\"{&quot;_animation&quot;:&quot;fadeIn&quot;}\" data-widget_type=\"image-box.default\">\n\t\t\t\t<div class=\"elementor-widget-container\">\n\t\t\t\t\t<div class=\"elementor-image-box-wrapper\"><figure class=\"elementor-image-box-img\"><a href=\"http:\/\/uddae.uea.edu.br\/index.php\/telessaude-uea\/\" tabindex=\"-1\"><img loading=\"lazy\" decoding=\"async\" width=\"1080\" height=\"1080\" src=\"https:\/\/uddae.uea.edu.br\/wp-content\/uploads\/2023\/07\/4-1.png\" class=\"elementor-animation-grow attachment-full size-full wp-image-370\" alt=\"\" srcset=\"https:\/\/uddae.uea.edu.br\/wp-content\/uploads\/2023\/07\/4-1.png 1080w, https:\/\/uddae.uea.edu.br\/wp-content\/uploads\/2023\/07\/4-1-300x300.png 300w, https:\/\/uddae.uea.edu.br\/wp-content\/uploads\/2023\/07\/4-1-1024x1024.png 1024w, https:\/\/uddae.uea.edu.br\/wp-content\/uploads\/2023\/07\/4-1-150x150.png 150w, https:\/\/uddae.uea.edu.br\/wp-content\/uploads\/2023\/07\/4-1-768x768.png 768w, https:\/\/uddae.uea.edu.br\/wp-content\/uploads\/2023\/07\/4-1-230x230.png 230w, https:\/\/uddae.uea.edu.br\/wp-content\/uploads\/2023\/07\/4-1-400x400.png 400w, https:\/\/uddae.uea.edu.br\/wp-content\/uploads\/2023\/07\/4-1-600x600.png 600w, https:\/\/uddae.uea.edu.br\/wp-content\/uploads\/2023\/07\/4-1-640x640.png 640w\" sizes=\"(max-width: 1080px) 100vw, 1080px\" \/><\/a><\/figure><div class=\"elementor-image-box-content\"><h3 class=\"elementor-image-box-title\"><a href=\"http:\/\/uddae.uea.edu.br\/index.php\/telessaude-uea\/\">Telessa\u00fade <br>UEA<\/a><\/h3><\/div><\/div>\t\t\t\t<\/div>\n\t\t\t\t<\/div>\n\t\t\t\t<\/div>\n\t\t<div class=\"elementor-element elementor-element-dae8223 e-con-full e-flex e-con e-child\" data-id=\"dae8223\" data-element_type=\"container\" data-e-type=\"container\">\n\t\t\t\t<div class=\"elementor-element elementor-element-c6279aa elementor-position-top elementor-invisible elementor-widget elementor-widget-image-box\" data-id=\"c6279aa\" data-element_type=\"widget\" data-e-type=\"widget\" data-settings=\"{&quot;_animation&quot;:&quot;fadeIn&quot;}\" data-widget_type=\"image-box.default\">\n\t\t\t\t<div class=\"elementor-widget-container\">\n\t\t\t\t\t<div class=\"elementor-image-box-wrapper\"><figure class=\"elementor-image-box-img\"><a href=\"http:\/\/uddae.uea.edu.br\/index.php\/laboratorio-de-ensino-e-avaliacao\/\" tabindex=\"-1\"><img loading=\"lazy\" decoding=\"async\" width=\"1080\" height=\"1080\" src=\"https:\/\/uddae.uea.edu.br\/wp-content\/uploads\/2023\/07\/6-2.png\" class=\"elementor-animation-grow attachment-full size-full wp-image-375\" alt=\"\" srcset=\"https:\/\/uddae.uea.edu.br\/wp-content\/uploads\/2023\/07\/6-2.png 1080w, https:\/\/uddae.uea.edu.br\/wp-content\/uploads\/2023\/07\/6-2-300x300.png 300w, https:\/\/uddae.uea.edu.br\/wp-content\/uploads\/2023\/07\/6-2-1024x1024.png 1024w, https:\/\/uddae.uea.edu.br\/wp-content\/uploads\/2023\/07\/6-2-150x150.png 150w, https:\/\/uddae.uea.edu.br\/wp-content\/uploads\/2023\/07\/6-2-768x768.png 768w, https:\/\/uddae.uea.edu.br\/wp-content\/uploads\/2023\/07\/6-2-230x230.png 230w, https:\/\/uddae.uea.edu.br\/wp-content\/uploads\/2023\/07\/6-2-400x400.png 400w, https:\/\/uddae.uea.edu.br\/wp-content\/uploads\/2023\/07\/6-2-600x600.png 600w, https:\/\/uddae.uea.edu.br\/wp-content\/uploads\/2023\/07\/6-2-640x640.png 640w\" sizes=\"(max-width: 1080px) 100vw, 1080px\" \/><\/a><\/figure><div class=\"elementor-image-box-content\"><h3 class=\"elementor-image-box-title\"><a href=\"http:\/\/uddae.uea.edu.br\/index.php\/laboratorio-de-ensino-e-avaliacao\/\">Laborat\u00f3rio de <br>Ensino e Avalia\u00e7\u00e3o<\/a><\/h3><\/div><\/div>\t\t\t\t<\/div>\n\t\t\t\t<\/div>\n\t\t\t\t<\/div>\n\t\t<div class=\"elementor-element elementor-element-6bbe8ae e-con-full e-flex e-con e-child\" data-id=\"6bbe8ae\" data-element_type=\"container\" data-e-type=\"container\">\n\t\t\t\t<div class=\"elementor-element elementor-element-bc0de42 elementor-position-top elementor-invisible elementor-widget elementor-widget-image-box\" data-id=\"bc0de42\" data-element_type=\"widget\" data-e-type=\"widget\" data-settings=\"{&quot;_animation&quot;:&quot;fadeIn&quot;}\" data-widget_type=\"image-box.default\">\n\t\t\t\t<div class=\"elementor-widget-container\">\n\t\t\t\t\t<div class=\"elementor-image-box-wrapper\"><figure class=\"elementor-image-box-img\"><a href=\"http:\/\/uddae.uea.edu.br\/index.php\/nucleo-humanistico\/\" tabindex=\"-1\"><img loading=\"lazy\" decoding=\"async\" width=\"1080\" height=\"1080\" src=\"https:\/\/uddae.uea.edu.br\/wp-content\/uploads\/2023\/07\/2-1.png\" class=\"elementor-animation-grow attachment-full size-full wp-image-368\" alt=\"\" srcset=\"https:\/\/uddae.uea.edu.br\/wp-content\/uploads\/2023\/07\/2-1.png 1080w, https:\/\/uddae.uea.edu.br\/wp-content\/uploads\/2023\/07\/2-1-300x300.png 300w, https:\/\/uddae.uea.edu.br\/wp-content\/uploads\/2023\/07\/2-1-1024x1024.png 1024w, https:\/\/uddae.uea.edu.br\/wp-content\/uploads\/2023\/07\/2-1-150x150.png 150w, https:\/\/uddae.uea.edu.br\/wp-content\/uploads\/2023\/07\/2-1-768x768.png 768w, https:\/\/uddae.uea.edu.br\/wp-content\/uploads\/2023\/07\/2-1-230x230.png 230w, https:\/\/uddae.uea.edu.br\/wp-content\/uploads\/2023\/07\/2-1-400x400.png 400w, https:\/\/uddae.uea.edu.br\/wp-content\/uploads\/2023\/07\/2-1-600x600.png 600w, https:\/\/uddae.uea.edu.br\/wp-content\/uploads\/2023\/07\/2-1-640x640.png 640w\" sizes=\"(max-width: 1080px) 100vw, 1080px\" \/><\/a><\/figure><div class=\"elementor-image-box-content\"><h3 class=\"elementor-image-box-title\"><a href=\"http:\/\/uddae.uea.edu.br\/index.php\/nucleo-humanistico\/\">N\u00facleo <br>Human\u00edstico<\/a><\/h3><\/div><\/div>\t\t\t\t<\/div>\n\t\t\t\t<\/div>\n\t\t\t\t<\/div>\n\t\t<div class=\"elementor-element elementor-element-2b1ca9f e-con-full e-flex e-con e-child\" data-id=\"2b1ca9f\" data-element_type=\"container\" data-e-type=\"container\">\n\t\t\t\t<div class=\"elementor-element elementor-element-18b30b1 elementor-position-top elementor-invisible elementor-widget elementor-widget-image-box\" data-id=\"18b30b1\" data-element_type=\"widget\" data-e-type=\"widget\" data-settings=\"{&quot;_animation&quot;:&quot;fadeIn&quot;}\" data-widget_type=\"image-box.default\">\n\t\t\t\t<div class=\"elementor-widget-container\">\n\t\t\t\t\t<div class=\"elementor-image-box-wrapper\"><figure class=\"elementor-image-box-img\"><a href=\"http:\/\/uddae.uea.edu.br\/index.php\/una-sus-uea\/\" tabindex=\"-1\"><img loading=\"lazy\" decoding=\"async\" width=\"561\" height=\"560\" src=\"https:\/\/uddae.uea.edu.br\/wp-content\/uploads\/2023\/07\/INSTAGRAM-2-1.png\" class=\"elementor-animation-grow attachment-full size-full wp-image-374\" alt=\"\" srcset=\"https:\/\/uddae.uea.edu.br\/wp-content\/uploads\/2023\/07\/INSTAGRAM-2-1.png 561w, https:\/\/uddae.uea.edu.br\/wp-content\/uploads\/2023\/07\/INSTAGRAM-2-1-300x300.png 300w, https:\/\/uddae.uea.edu.br\/wp-content\/uploads\/2023\/07\/INSTAGRAM-2-1-150x150.png 150w, https:\/\/uddae.uea.edu.br\/wp-content\/uploads\/2023\/07\/INSTAGRAM-2-1-230x230.png 230w, https:\/\/uddae.uea.edu.br\/wp-content\/uploads\/2023\/07\/INSTAGRAM-2-1-400x400.png 400w\" sizes=\"(max-width: 561px) 100vw, 561px\" \/><\/a><\/figure><div class=\"elementor-image-box-content\"><h3 class=\"elementor-image-box-title\"><a href=\"http:\/\/uddae.uea.edu.br\/index.php\/una-sus-uea\/\">UNA-SUS <br>UEA<\/a><\/h3><\/div><\/div>\t\t\t\t<\/div>\n\t\t\t\t<\/div>\n\t\t\t\t<\/div>\n\t\t\t\t\t<\/div>\n\t\t\t\t<\/div>\n\t\t\t\t<\/div>\n\t\t","protected":false},"excerpt":{"rendered":"<p>UDDAE A Unidade de Desenvolvimento Docente e Apoio ao Ensino \u00e9 um projeto voltado para os docentes e discentes dos cursos da Escola Superior de Ci\u00eancias da Sa\u00fade (ESA). Visando aprimorar o processo de ensino-aprendizagem a partir da capacita\u00e7\u00e3o, aperfei\u00e7oamento e qualifica\u00e7\u00e3o docente dos cursos da ESA nas \u00e1reas de Enfermagem, Educa\u00e7\u00e3o F\u00edsica, Medicina e [&hellip;]<\/p>\n","protected":false},"author":1,"featured_media":0,"parent":0,"menu_order":0,"comment_status":"closed","ping_status":"closed","template":"elementor_header_footer","meta":{"footnotes":""},"class_list":["post-160","page","type-page","status-publish","hentry"],"_links":{"self":[{"href":"https:\/\/uddae.uea.edu.br\/index.php\/wp-json\/wp\/v2\/pages\/160","targetHints":{"allow":["GET"]}}],"collection":[{"href":"https:\/\/uddae.uea.edu.br\/index.php\/wp-json\/wp\/v2\/pages"}],"about":[{"href":"https:\/\/uddae.uea.edu.br\/index.php\/wp-json\/wp\/v2\/types\/page"}],"author":[{"embeddable":true,"href":"https:\/\/uddae.uea.edu.br\/index.php\/wp-json\/wp\/v2\/users\/1"}],"replies":[{"embeddable":true,"href":"https:\/\/uddae.uea.edu.br\/index.php\/wp-json\/wp\/v2\/comments?post=160"}],"version-history":[{"count":114,"href":"https:\/\/uddae.uea.edu.br\/index.php\/wp-json\/wp\/v2\/pages\/160\/revisions"}],"predecessor-version":[{"id":1455,"href":"https:\/\/uddae.uea.edu.br\/index.php\/wp-json\/wp\/v2\/pages\/160\/revisions\/1455"}],"wp:attachment":[{"href":"https:\/\/uddae.uea.edu.br\/index.php\/wp-json\/wp\/v2\/media?parent=160"}],"curies":[{"name":"wp","href":"https:\/\/api.w.org\/{rel}","templated":true}]}}